{"id":1032,"date":"2024-10-31T12:46:42","date_gmt":"2024-10-31T11:46:42","guid":{"rendered":"https:\/\/breezeibiza.com\/inicio\/"},"modified":"2024-12-03T17:57:49","modified_gmt":"2024-12-03T16:57:49","slug":"inicio","status":"publish","type":"page","link":"https:\/\/breezeibiza.com\/de\/","title":{"rendered":"Inizio"},"content":{"rendered":"\n<p>Willkommen auf Ibiza, willkommen auf einer der kultigsten Inseln der Balearen. Ihre Sch\u00f6nheit l\u00e4sst niemanden unber\u00fchrt. Ihre reiche Geschichte, ihre Traditionen und ihre au\u00dfergew\u00f6hnlichen Natursch\u00e4tze machen sie zum Paradies, von dem viele tr\u00e4umen.<br><br>In der Hauptstadt wird dieses gro\u00dfartige Projekt errichtet, das <strong>84 au\u00dfergew\u00f6hnliche Wohnungen mit Parkplatz, Swimmingpool und einem herrlichen Gemeinschaftsgarten<\/strong> umfasst. Sie haben die Wahl zwischen <strong>Wohnungen mit zwei oder drei Schlafzimmern und Terrasse oder Maisonette-Penthouses mit Terrasse und Sonnenterrasse,<\/strong> die alle eine herrliche Aussicht haben. Und das alles in der N\u00e4he des Jachthafens Botafoch und nur wenige Minuten vom Strand Talamanca entfernt.<br><br>Investieren Sie in Ihr Wohlbefinden und tun Sie es mit Garantien. BREEZE hat die <strong>Baugenehmigung Nummer G-18692-2019 und die Arbeiten werden in den kommenden Monaten beginnen.<\/strong><\/p>\n\n\n\n<p><\/p>\n","protected":false},"excerpt":{"rendered":"<p>Willkommen auf Ibiza, willkommen auf einer der kultigsten Inseln der Balearen. Ihre Sch\u00f6nheit l\u00e4sst niemanden unber\u00fchrt. Ihre reiche Geschichte, ihre Traditionen und ihre au\u00dfergew\u00f6hnlichen Natursch\u00e4tze machen sie zum Paradies, von dem viele tr\u00e4umen. In der Hauptstadt wird dieses gro\u00dfartige Projekt errichtet, das 84 au\u00dfergew\u00f6hnliche Wohnungen mit Parkplatz, Swimmingpool und einem herrlichen Gemeinschaftsgarten umfasst. Sie haben [&hellip;]<\/p>\n","protected":false},"author":1,"featured_media":0,"parent":0,"menu_order":3,"comment_status":"closed","ping_status":"closed","template":"","meta":{"_acf_changed":false,"inline_featured_image":false,"footnotes":""},"class_list":["post-1032","page","type-page","status-publish","hentry"],"acf":[],"yoast_head":"<!-- This site is optimized with the Yoast SEO plugin v27.0 - https:\/\/yoast.com\/product\/yoast-seo-wordpress\/ -->\n<title>Breeze Ibiza | Exklusive H\u00e4user im Herzen Ibizas<\/title>\n<meta name=\"description\" content=\"Entdecken Sie Breeze Ibiza: 84 au\u00dfergew\u00f6hnliche H\u00e4user mit Pool, Garten und Terrassen in der N\u00e4he von Marina Botafoch und Talamanca Beach. Investieren Sie sicher.\" \/>\n<meta name=\"robots\" content=\"index, follow, max-snippet:-1, max-image-preview:large, max-video-preview:-1\" \/>\n<link rel=\"canonical\" href=\"https:\/\/breezeibiza.com\/de\/\" \/>\n<meta property=\"og:locale\" content=\"de_DE\" \/>\n<meta property=\"og:type\" content=\"article\" \/>\n<meta property=\"og:title\" content=\"Breeze Ibiza | Exklusive H\u00e4user im Herzen Ibizas\" \/>\n<meta property=\"og:description\" content=\"Entdecken Sie Breeze Ibiza: 84 au\u00dfergew\u00f6hnliche H\u00e4user mit Pool, Garten und Terrassen in der N\u00e4he von Marina Botafoch und Talamanca Beach. Investieren Sie sicher.\" \/>\n<meta property=\"og:url\" content=\"https:\/\/breezeibiza.com\/de\/\" \/>\n<meta property=\"og:site_name\" content=\"Breeze Ibiza\" \/>\n<meta property=\"article:modified_time\" content=\"2024-12-03T16:57:49+00:00\" \/>\n<meta name=\"twitter:card\" content=\"summary_large_image\" \/>\n<meta name=\"twitter:label1\" content=\"Gesch\u00e4tzte Lesezeit\" \/>\n\t<meta name=\"twitter:data1\" content=\"1\u00a0Minute\" \/>\n<script type=\"application\/ld+json\" class=\"yoast-schema-graph\">{\"@context\":\"https:\/\/schema.org\",\"@graph\":[{\"@type\":\"WebPage\",\"@id\":\"https:\/\/breezeibiza.com\/de\/\",\"url\":\"https:\/\/breezeibiza.com\/de\/\",\"name\":\"Breeze Ibiza | Exklusive H\u00e4user im Herzen Ibizas\",\"isPartOf\":{\"@id\":\"https:\/\/breezeibiza.com\/de\/#website\"},\"datePublished\":\"2024-10-31T11:46:42+00:00\",\"dateModified\":\"2024-12-03T16:57:49+00:00\",\"description\":\"Entdecken Sie Breeze Ibiza: 84 au\u00dfergew\u00f6hnliche H\u00e4user mit Pool, Garten und Terrassen in der N\u00e4he von Marina Botafoch und Talamanca Beach. Investieren Sie sicher.\",\"breadcrumb\":{\"@id\":\"https:\/\/breezeibiza.com\/de\/#breadcrumb\"},\"inLanguage\":\"de\",\"potentialAction\":[{\"@type\":\"ReadAction\",\"target\":[\"https:\/\/breezeibiza.com\/de\/\"]}]},{\"@type\":\"BreadcrumbList\",\"@id\":\"https:\/\/breezeibiza.com\/de\/#breadcrumb\",\"itemListElement\":[{\"@type\":\"ListItem\",\"position\":1,\"name\":\"Portada\",\"item\":\"https:\/\/breezeibiza.com\/de\/\"},{\"@type\":\"ListItem\",\"position\":2,\"name\":\"Inizio\"}]},{\"@type\":\"WebSite\",\"@id\":\"https:\/\/breezeibiza.com\/de\/#website\",\"url\":\"https:\/\/breezeibiza.com\/de\/\",\"name\":\"Breeze Ibiza\",\"description\":\"Este espectacular proyecto se sit\u00faa en una de las zonas m\u00e1s demandadas de Ibiza\",\"publisher\":{\"@id\":\"https:\/\/breezeibiza.com\/de\/#organization\"},\"potentialAction\":[{\"@type\":\"SearchAction\",\"target\":{\"@type\":\"EntryPoint\",\"urlTemplate\":\"https:\/\/breezeibiza.com\/de\/?s={search_term_string}\"},\"query-input\":{\"@type\":\"PropertyValueSpecification\",\"valueRequired\":true,\"valueName\":\"search_term_string\"}}],\"inLanguage\":\"de\"},{\"@type\":\"Organization\",\"@id\":\"https:\/\/breezeibiza.com\/de\/#organization\",\"name\":\"Breeze Ibiza\",\"url\":\"https:\/\/breezeibiza.com\/de\/\",\"logo\":{\"@type\":\"ImageObject\",\"inLanguage\":\"de\",\"@id\":\"https:\/\/breezeibiza.com\/de\/#\/schema\/logo\/image\/\",\"url\":\"https:\/\/breezeibiza.com\/wp-content\/uploads\/2024\/10\/logo-breeze.svg\",\"contentUrl\":\"https:\/\/breezeibiza.com\/wp-content\/uploads\/2024\/10\/logo-breeze.svg\",\"width\":340,\"height\":90,\"caption\":\"Breeze Ibiza\"},\"image\":{\"@id\":\"https:\/\/breezeibiza.com\/de\/#\/schema\/logo\/image\/\"}}]}<\/script>\n<!-- \/ Yoast SEO plugin. -->","yoast_head_json":{"title":"Breeze Ibiza | Exklusive H\u00e4user im Herzen Ibizas","description":"Entdecken Sie Breeze Ibiza: 84 au\u00dfergew\u00f6hnliche H\u00e4user mit Pool, Garten und Terrassen in der N\u00e4he von Marina Botafoch und Talamanca Beach. Investieren Sie sicher.","robots":{"index":"index","follow":"follow","max-snippet":"max-snippet:-1","max-image-preview":"max-image-preview:large","max-video-preview":"max-video-preview:-1"},"canonical":"https:\/\/breezeibiza.com\/de\/","og_locale":"de_DE","og_type":"article","og_title":"Breeze Ibiza | Exklusive H\u00e4user im Herzen Ibizas","og_description":"Entdecken Sie Breeze Ibiza: 84 au\u00dfergew\u00f6hnliche H\u00e4user mit Pool, Garten und Terrassen in der N\u00e4he von Marina Botafoch und Talamanca Beach. Investieren Sie sicher.","og_url":"https:\/\/breezeibiza.com\/de\/","og_site_name":"Breeze Ibiza","article_modified_time":"2024-12-03T16:57:49+00:00","twitter_card":"summary_large_image","twitter_misc":{"Gesch\u00e4tzte Lesezeit":"1\u00a0Minute"},"schema":{"@context":"https:\/\/schema.org","@graph":[{"@type":"WebPage","@id":"https:\/\/breezeibiza.com\/de\/","url":"https:\/\/breezeibiza.com\/de\/","name":"Breeze Ibiza | Exklusive H\u00e4user im Herzen Ibizas","isPartOf":{"@id":"https:\/\/breezeibiza.com\/de\/#website"},"datePublished":"2024-10-31T11:46:42+00:00","dateModified":"2024-12-03T16:57:49+00:00","description":"Entdecken Sie Breeze Ibiza: 84 au\u00dfergew\u00f6hnliche H\u00e4user mit Pool, Garten und Terrassen in der N\u00e4he von Marina Botafoch und Talamanca Beach. Investieren Sie sicher.","breadcrumb":{"@id":"https:\/\/breezeibiza.com\/de\/#breadcrumb"},"inLanguage":"de","potentialAction":[{"@type":"ReadAction","target":["https:\/\/breezeibiza.com\/de\/"]}]},{"@type":"BreadcrumbList","@id":"https:\/\/breezeibiza.com\/de\/#breadcrumb","itemListElement":[{"@type":"ListItem","position":1,"name":"Portada","item":"https:\/\/breezeibiza.com\/de\/"},{"@type":"ListItem","position":2,"name":"Inizio"}]},{"@type":"WebSite","@id":"https:\/\/breezeibiza.com\/de\/#website","url":"https:\/\/breezeibiza.com\/de\/","name":"Breeze Ibiza","description":"Este espectacular proyecto se sit\u00faa en una de las zonas m\u00e1s demandadas de Ibiza","publisher":{"@id":"https:\/\/breezeibiza.com\/de\/#organization"},"potentialAction":[{"@type":"SearchAction","target":{"@type":"EntryPoint","urlTemplate":"https:\/\/breezeibiza.com\/de\/?s={search_term_string}"},"query-input":{"@type":"PropertyValueSpecification","valueRequired":true,"valueName":"search_term_string"}}],"inLanguage":"de"},{"@type":"Organization","@id":"https:\/\/breezeibiza.com\/de\/#organization","name":"Breeze Ibiza","url":"https:\/\/breezeibiza.com\/de\/","logo":{"@type":"ImageObject","inLanguage":"de","@id":"https:\/\/breezeibiza.com\/de\/#\/schema\/logo\/image\/","url":"https:\/\/breezeibiza.com\/wp-content\/uploads\/2024\/10\/logo-breeze.svg","contentUrl":"https:\/\/breezeibiza.com\/wp-content\/uploads\/2024\/10\/logo-breeze.svg","width":340,"height":90,"caption":"Breeze Ibiza"},"image":{"@id":"https:\/\/breezeibiza.com\/de\/#\/schema\/logo\/image\/"}}]}},"_links":{"self":[{"href":"https:\/\/breezeibiza.com\/de\/wp-json\/wp\/v2\/pages\/1032","targetHints":{"allow":["GET"]}}],"collection":[{"href":"https:\/\/breezeibiza.com\/de\/wp-json\/wp\/v2\/pages"}],"about":[{"href":"https:\/\/breezeibiza.com\/de\/wp-json\/wp\/v2\/types\/page"}],"author":[{"embeddable":true,"href":"https:\/\/breezeibiza.com\/de\/wp-json\/wp\/v2\/users\/1"}],"replies":[{"embeddable":true,"href":"https:\/\/breezeibiza.com\/de\/wp-json\/wp\/v2\/comments?post=1032"}],"version-history":[{"count":2,"href":"https:\/\/breezeibiza.com\/de\/wp-json\/wp\/v2\/pages\/1032\/revisions"}],"predecessor-version":[{"id":1214,"href":"https:\/\/breezeibiza.com\/de\/wp-json\/wp\/v2\/pages\/1032\/revisions\/1214"}],"wp:attachment":[{"href":"https:\/\/breezeibiza.com\/de\/wp-json\/wp\/v2\/media?parent=1032"}],"curies":[{"name":"wp","href":"https:\/\/api.w.org\/{rel}","templated":true}]}}