{"id":1040,"date":"2024-10-31T16:11:40","date_gmt":"2024-10-31T15:11:40","guid":{"rendered":"https:\/\/breezeibiza.com\/posizione\/"},"modified":"2024-12-04T11:29:21","modified_gmt":"2024-12-04T10:29:21","slug":"lage","status":"publish","type":"page","link":"https:\/\/breezeibiza.com\/de\/lage\/","title":{"rendered":"Lage"},"content":{"rendered":"\n<p><strong>Unweit des Jachthafens Botafoch und wenige Meter vom Strand Talamanca entfernt<\/strong>, verf\u00fcgt BREEZE Ibiza \u00fcber einen spektakul\u00e4ren Panoramablick auf das Mittelmeer. Au\u00dferdem ist die Altstadt, die von der UNESCO zum Weltkulturerbe erkl\u00e4rt wurde, nur wenige Minuten entfernt.<br><br><strong>In der Umgebung von BREEZE finden Sie alle Arten von Dienstleistungen. <\/strong>An Gourmet-Restaurants, Designer-Boutiquen, kulturellen Einrichtungen und Gesundheitszentren herrscht kein Mangel. Und der Flughafen der Insel ist nur 7 km entfernt.<br><br>Dies ist zweifelsohne eine einzigartige Gelegenheit, eine <strong>sehr lebendige Insel zu genie\u00dfen, die sich zudem einer nat\u00fcrlichen Sch\u00f6nheit ohnegleichen erfreut.<\/strong><\/p>\n\n\n\n<p><\/p>\n","protected":false},"excerpt":{"rendered":"<p>Unweit des Jachthafens Botafoch und wenige Meter vom Strand Talamanca entfernt, verf\u00fcgt BREEZE Ibiza \u00fcber einen spektakul\u00e4ren Panoramablick auf das Mittelmeer. Au\u00dferdem ist die Altstadt, die von der UNESCO zum Weltkulturerbe erkl\u00e4rt wurde, nur wenige Minuten entfernt. In der Umgebung von BREEZE finden Sie alle Arten von Dienstleistungen. An Gourmet-Restaurants, Designer-Boutiquen, kulturellen Einrichtungen und Gesundheitszentren [&hellip;]<\/p>\n","protected":false},"author":1,"featured_media":299,"parent":0,"menu_order":11,"comment_status":"closed","ping_status":"closed","template":"page-ubicacion.php","meta":{"_acf_changed":false,"inline_featured_image":false,"footnotes":""},"class_list":["post-1040","page","type-page","status-publish","has-post-thumbnail","hentry"],"acf":[],"yoast_head":"<!-- This site is optimized with the Yoast SEO plugin v27.0 - https:\/\/yoast.com\/product\/yoast-seo-wordpress\/ -->\n<title>Erstklassige Lage | Breeze Ibiza<\/title>\n<meta name=\"description\" content=\"Breeze Ibiza: Leben Sie in der N\u00e4he von Marina Botafoch und Talamanca Beach. Genie\u00dfen Sie den Mittelmeerblick und exklusive Dienstleistungen.\" \/>\n<meta name=\"robots\" content=\"index, follow, max-snippet:-1, max-image-preview:large, max-video-preview:-1\" \/>\n<link rel=\"canonical\" href=\"https:\/\/breezeibiza.com\/de\/lage\/\" \/>\n<meta property=\"og:locale\" content=\"de_DE\" \/>\n<meta property=\"og:type\" content=\"article\" \/>\n<meta property=\"og:title\" content=\"Erstklassige Lage | Breeze Ibiza\" \/>\n<meta property=\"og:description\" content=\"Breeze Ibiza: Leben Sie in der N\u00e4he von Marina Botafoch und Talamanca Beach. Genie\u00dfen Sie den Mittelmeerblick und exklusive Dienstleistungen.\" \/>\n<meta property=\"og:url\" content=\"https:\/\/breezeibiza.com\/de\/lage\/\" \/>\n<meta property=\"og:site_name\" content=\"Breeze Ibiza\" \/>\n<meta property=\"article:modified_time\" content=\"2024-12-04T10:29:21+00:00\" \/>\n<meta property=\"og:image\" content=\"https:\/\/breezeibiza.com\/wp-content\/uploads\/2024\/11\/bg-ubicacion-scaled.jpg\" \/>\n\t<meta property=\"og:image:width\" content=\"2364\" \/>\n\t<meta property=\"og:image:height\" content=\"2560\" \/>\n\t<meta property=\"og:image:type\" content=\"image\/jpeg\" \/>\n<meta name=\"twitter:card\" content=\"summary_large_image\" \/>\n<meta name=\"twitter:label1\" content=\"Gesch\u00e4tzte Lesezeit\" \/>\n\t<meta name=\"twitter:data1\" content=\"1\u00a0Minute\" \/>\n<script type=\"application\/ld+json\" class=\"yoast-schema-graph\">{\"@context\":\"https:\/\/schema.org\",\"@graph\":[{\"@type\":\"WebPage\",\"@id\":\"https:\/\/breezeibiza.com\/de\/lage\/\",\"url\":\"https:\/\/breezeibiza.com\/de\/lage\/\",\"name\":\"Erstklassige Lage | Breeze Ibiza\",\"isPartOf\":{\"@id\":\"https:\/\/breezeibiza.com\/de\/#website\"},\"primaryImageOfPage\":{\"@id\":\"https:\/\/breezeibiza.com\/de\/lage\/#primaryimage\"},\"image\":{\"@id\":\"https:\/\/breezeibiza.com\/de\/lage\/#primaryimage\"},\"thumbnailUrl\":\"https:\/\/breezeibiza.com\/wp-content\/uploads\/2024\/11\/bg-ubicacion-scaled.jpg\",\"datePublished\":\"2024-10-31T15:11:40+00:00\",\"dateModified\":\"2024-12-04T10:29:21+00:00\",\"description\":\"Breeze Ibiza: Leben Sie in der N\u00e4he von Marina Botafoch und Talamanca Beach. Genie\u00dfen Sie den Mittelmeerblick und exklusive Dienstleistungen.\",\"breadcrumb\":{\"@id\":\"https:\/\/breezeibiza.com\/de\/lage\/#breadcrumb\"},\"inLanguage\":\"de\",\"potentialAction\":[{\"@type\":\"ReadAction\",\"target\":[\"https:\/\/breezeibiza.com\/de\/lage\/\"]}]},{\"@type\":\"ImageObject\",\"inLanguage\":\"de\",\"@id\":\"https:\/\/breezeibiza.com\/de\/lage\/#primaryimage\",\"url\":\"https:\/\/breezeibiza.com\/wp-content\/uploads\/2024\/11\/bg-ubicacion-scaled.jpg\",\"contentUrl\":\"https:\/\/breezeibiza.com\/wp-content\/uploads\/2024\/11\/bg-ubicacion-scaled.jpg\",\"width\":2364,\"height\":2560},{\"@type\":\"BreadcrumbList\",\"@id\":\"https:\/\/breezeibiza.com\/de\/lage\/#breadcrumb\",\"itemListElement\":[{\"@type\":\"ListItem\",\"position\":1,\"name\":\"Portada\",\"item\":\"https:\/\/breezeibiza.com\/de\/\"},{\"@type\":\"ListItem\",\"position\":2,\"name\":\"Lage\"}]},{\"@type\":\"WebSite\",\"@id\":\"https:\/\/breezeibiza.com\/de\/#website\",\"url\":\"https:\/\/breezeibiza.com\/de\/\",\"name\":\"Breeze Ibiza\",\"description\":\"Este espectacular proyecto se sit\u00faa en una de las zonas m\u00e1s demandadas de Ibiza\",\"publisher\":{\"@id\":\"https:\/\/breezeibiza.com\/de\/#organization\"},\"potentialAction\":[{\"@type\":\"SearchAction\",\"target\":{\"@type\":\"EntryPoint\",\"urlTemplate\":\"https:\/\/breezeibiza.com\/de\/?s={search_term_string}\"},\"query-input\":{\"@type\":\"PropertyValueSpecification\",\"valueRequired\":true,\"valueName\":\"search_term_string\"}}],\"inLanguage\":\"de\"},{\"@type\":\"Organization\",\"@id\":\"https:\/\/breezeibiza.com\/de\/#organization\",\"name\":\"Breeze Ibiza\",\"url\":\"https:\/\/breezeibiza.com\/de\/\",\"logo\":{\"@type\":\"ImageObject\",\"inLanguage\":\"de\",\"@id\":\"https:\/\/breezeibiza.com\/de\/#\/schema\/logo\/image\/\",\"url\":\"https:\/\/breezeibiza.com\/wp-content\/uploads\/2024\/10\/logo-breeze.svg\",\"contentUrl\":\"https:\/\/breezeibiza.com\/wp-content\/uploads\/2024\/10\/logo-breeze.svg\",\"width\":340,\"height\":90,\"caption\":\"Breeze Ibiza\"},\"image\":{\"@id\":\"https:\/\/breezeibiza.com\/de\/#\/schema\/logo\/image\/\"}}]}<\/script>\n<!-- \/ Yoast SEO plugin. -->","yoast_head_json":{"title":"Erstklassige Lage | Breeze Ibiza","description":"Breeze Ibiza: Leben Sie in der N\u00e4he von Marina Botafoch und Talamanca Beach. Genie\u00dfen Sie den Mittelmeerblick und exklusive Dienstleistungen.","robots":{"index":"index","follow":"follow","max-snippet":"max-snippet:-1","max-image-preview":"max-image-preview:large","max-video-preview":"max-video-preview:-1"},"canonical":"https:\/\/breezeibiza.com\/de\/lage\/","og_locale":"de_DE","og_type":"article","og_title":"Erstklassige Lage | Breeze Ibiza","og_description":"Breeze Ibiza: Leben Sie in der N\u00e4he von Marina Botafoch und Talamanca Beach. Genie\u00dfen Sie den Mittelmeerblick und exklusive Dienstleistungen.","og_url":"https:\/\/breezeibiza.com\/de\/lage\/","og_site_name":"Breeze Ibiza","article_modified_time":"2024-12-04T10:29:21+00:00","og_image":[{"width":2364,"height":2560,"url":"https:\/\/breezeibiza.com\/wp-content\/uploads\/2024\/11\/bg-ubicacion-scaled.jpg","type":"image\/jpeg"}],"twitter_card":"summary_large_image","twitter_misc":{"Gesch\u00e4tzte Lesezeit":"1\u00a0Minute"},"schema":{"@context":"https:\/\/schema.org","@graph":[{"@type":"WebPage","@id":"https:\/\/breezeibiza.com\/de\/lage\/","url":"https:\/\/breezeibiza.com\/de\/lage\/","name":"Erstklassige Lage | Breeze Ibiza","isPartOf":{"@id":"https:\/\/breezeibiza.com\/de\/#website"},"primaryImageOfPage":{"@id":"https:\/\/breezeibiza.com\/de\/lage\/#primaryimage"},"image":{"@id":"https:\/\/breezeibiza.com\/de\/lage\/#primaryimage"},"thumbnailUrl":"https:\/\/breezeibiza.com\/wp-content\/uploads\/2024\/11\/bg-ubicacion-scaled.jpg","datePublished":"2024-10-31T15:11:40+00:00","dateModified":"2024-12-04T10:29:21+00:00","description":"Breeze Ibiza: Leben Sie in der N\u00e4he von Marina Botafoch und Talamanca Beach. Genie\u00dfen Sie den Mittelmeerblick und exklusive Dienstleistungen.","breadcrumb":{"@id":"https:\/\/breezeibiza.com\/de\/lage\/#breadcrumb"},"inLanguage":"de","potentialAction":[{"@type":"ReadAction","target":["https:\/\/breezeibiza.com\/de\/lage\/"]}]},{"@type":"ImageObject","inLanguage":"de","@id":"https:\/\/breezeibiza.com\/de\/lage\/#primaryimage","url":"https:\/\/breezeibiza.com\/wp-content\/uploads\/2024\/11\/bg-ubicacion-scaled.jpg","contentUrl":"https:\/\/breezeibiza.com\/wp-content\/uploads\/2024\/11\/bg-ubicacion-scaled.jpg","width":2364,"height":2560},{"@type":"BreadcrumbList","@id":"https:\/\/breezeibiza.com\/de\/lage\/#breadcrumb","itemListElement":[{"@type":"ListItem","position":1,"name":"Portada","item":"https:\/\/breezeibiza.com\/de\/"},{"@type":"ListItem","position":2,"name":"Lage"}]},{"@type":"WebSite","@id":"https:\/\/breezeibiza.com\/de\/#website","url":"https:\/\/breezeibiza.com\/de\/","name":"Breeze Ibiza","description":"Este espectacular proyecto se sit\u00faa en una de las zonas m\u00e1s demandadas de Ibiza","publisher":{"@id":"https:\/\/breezeibiza.com\/de\/#organization"},"potentialAction":[{"@type":"SearchAction","target":{"@type":"EntryPoint","urlTemplate":"https:\/\/breezeibiza.com\/de\/?s={search_term_string}"},"query-input":{"@type":"PropertyValueSpecification","valueRequired":true,"valueName":"search_term_string"}}],"inLanguage":"de"},{"@type":"Organization","@id":"https:\/\/breezeibiza.com\/de\/#organization","name":"Breeze Ibiza","url":"https:\/\/breezeibiza.com\/de\/","logo":{"@type":"ImageObject","inLanguage":"de","@id":"https:\/\/breezeibiza.com\/de\/#\/schema\/logo\/image\/","url":"https:\/\/breezeibiza.com\/wp-content\/uploads\/2024\/10\/logo-breeze.svg","contentUrl":"https:\/\/breezeibiza.com\/wp-content\/uploads\/2024\/10\/logo-breeze.svg","width":340,"height":90,"caption":"Breeze Ibiza"},"image":{"@id":"https:\/\/breezeibiza.com\/de\/#\/schema\/logo\/image\/"}}]}},"_links":{"self":[{"href":"https:\/\/breezeibiza.com\/de\/wp-json\/wp\/v2\/pages\/1040","targetHints":{"allow":["GET"]}}],"collection":[{"href":"https:\/\/breezeibiza.com\/de\/wp-json\/wp\/v2\/pages"}],"about":[{"href":"https:\/\/breezeibiza.com\/de\/wp-json\/wp\/v2\/types\/page"}],"author":[{"embeddable":true,"href":"https:\/\/breezeibiza.com\/de\/wp-json\/wp\/v2\/users\/1"}],"replies":[{"embeddable":true,"href":"https:\/\/breezeibiza.com\/de\/wp-json\/wp\/v2\/comments?post=1040"}],"version-history":[{"count":4,"href":"https:\/\/breezeibiza.com\/de\/wp-json\/wp\/v2\/pages\/1040\/revisions"}],"predecessor-version":[{"id":1228,"href":"https:\/\/breezeibiza.com\/de\/wp-json\/wp\/v2\/pages\/1040\/revisions\/1228"}],"wp:featuredmedia":[{"embeddable":true,"href":"https:\/\/breezeibiza.com\/de\/wp-json\/wp\/v2\/media\/299"}],"wp:attachment":[{"href":"https:\/\/breezeibiza.com\/de\/wp-json\/wp\/v2\/media?parent=1040"}],"curies":[{"name":"wp","href":"https:\/\/api.w.org\/{rel}","templated":true}]}}