{"id":1044,"date":"2024-10-31T16:47:14","date_gmt":"2024-10-31T15:47:14","guid":{"rendered":"https:\/\/breezeibiza.com\/progetto\/"},"modified":"2024-12-03T18:06:31","modified_gmt":"2024-12-03T17:06:31","slug":"projekt","status":"publish","type":"page","link":"https:\/\/breezeibiza.com\/de\/projekt\/","title":{"rendered":"Projekt"},"content":{"rendered":"\n<p>BREEZE ist ein au\u00dfergew\u00f6hnliches Projekt, das aus zwei Geb\u00e4uden besteht, in denen <strong>84 herrliche Wohnungen mit zwei oder drei Schlafzimmern und Terrasse<\/strong> untergebracht sind, <strong>die durch fantastische Gemeinschaftsbereiche erg\u00e4nzt werden, zu denen ein Parkplatz, ein spektakul\u00e4rer Swimmingpool und ein privater Garten z\u00e4hlen.<\/strong><\/p>\n\n\n\n<p>All dies in einer der begehrtesten Gegenden der Hauptstadt Ibizas, wo sich die pulsierende Aktivit\u00e4t einer Stadt, die niemals ruht, mit dem besonderen Charme einer vom Mittelmeer umgebenen und weltweit bewunderten Region vermischt.<\/p>\n\n\n\n<p><\/p>\n","protected":false},"excerpt":{"rendered":"<p>BREEZE ist ein au\u00dfergew\u00f6hnliches Projekt, das aus zwei Geb\u00e4uden besteht, in denen 84 herrliche Wohnungen mit zwei oder drei Schlafzimmern und Terrasse untergebracht sind, die durch fantastische Gemeinschaftsbereiche erg\u00e4nzt werden, zu denen ein Parkplatz, ein spektakul\u00e4rer Swimmingpool und ein privater Garten z\u00e4hlen. All dies in einer der begehrtesten Gegenden der Hauptstadt Ibizas, wo sich die [&hellip;]<\/p>\n","protected":false},"author":1,"featured_media":383,"parent":0,"menu_order":13,"comment_status":"closed","ping_status":"closed","template":"page-proyecto.php","meta":{"_acf_changed":false,"inline_featured_image":false,"footnotes":""},"class_list":["post-1044","page","type-page","status-publish","has-post-thumbnail","hentry"],"acf":[],"yoast_head":"<!-- This site is optimized with the Yoast SEO plugin v27.0 - https:\/\/yoast.com\/product\/yoast-seo-wordpress\/ -->\n<title>Innovatives Immobilienprojekt | Breeze Ibiza<\/title>\n<meta name=\"description\" content=\"BREEZE: Ein au\u00dfergew\u00f6hnliches Projekt mit 84 Luxuswohnungen, gro\u00dfartigen Gemeinschaftsbereichen und nachhaltigem Design in privilegierter Lage am Mittelmeer.\" \/>\n<meta name=\"robots\" content=\"index, follow, max-snippet:-1, max-image-preview:large, max-video-preview:-1\" \/>\n<link rel=\"canonical\" href=\"https:\/\/breezeibiza.com\/de\/projekt\/\" \/>\n<meta property=\"og:locale\" content=\"de_DE\" \/>\n<meta property=\"og:type\" content=\"article\" \/>\n<meta property=\"og:title\" content=\"Innovatives Immobilienprojekt | Breeze Ibiza\" \/>\n<meta property=\"og:description\" content=\"BREEZE: Ein au\u00dfergew\u00f6hnliches Projekt mit 84 Luxuswohnungen, gro\u00dfartigen Gemeinschaftsbereichen und nachhaltigem Design in privilegierter Lage am Mittelmeer.\" \/>\n<meta property=\"og:url\" content=\"https:\/\/breezeibiza.com\/de\/projekt\/\" \/>\n<meta property=\"og:site_name\" content=\"Breeze Ibiza\" \/>\n<meta property=\"article:modified_time\" content=\"2024-12-03T17:06:31+00:00\" \/>\n<meta property=\"og:image\" content=\"https:\/\/breezeibiza.com\/wp-content\/uploads\/2024\/11\/bg-cover-proyecto.jpg\" \/>\n\t<meta property=\"og:image:width\" content=\"2000\" \/>\n\t<meta property=\"og:image:height\" content=\"1645\" \/>\n\t<meta property=\"og:image:type\" content=\"image\/jpeg\" \/>\n<meta name=\"twitter:card\" content=\"summary_large_image\" \/>\n<meta name=\"twitter:label1\" content=\"Gesch\u00e4tzte Lesezeit\" \/>\n\t<meta name=\"twitter:data1\" content=\"1\u00a0Minute\" \/>\n<script type=\"application\/ld+json\" class=\"yoast-schema-graph\">{\"@context\":\"https:\/\/schema.org\",\"@graph\":[{\"@type\":\"WebPage\",\"@id\":\"https:\/\/breezeibiza.com\/de\/projekt\/\",\"url\":\"https:\/\/breezeibiza.com\/de\/projekt\/\",\"name\":\"Innovatives Immobilienprojekt | Breeze Ibiza\",\"isPartOf\":{\"@id\":\"https:\/\/breezeibiza.com\/de\/#website\"},\"primaryImageOfPage\":{\"@id\":\"https:\/\/breezeibiza.com\/de\/projekt\/#primaryimage\"},\"image\":{\"@id\":\"https:\/\/breezeibiza.com\/de\/projekt\/#primaryimage\"},\"thumbnailUrl\":\"https:\/\/breezeibiza.com\/wp-content\/uploads\/2024\/11\/bg-cover-proyecto.jpg\",\"datePublished\":\"2024-10-31T15:47:14+00:00\",\"dateModified\":\"2024-12-03T17:06:31+00:00\",\"description\":\"BREEZE: Ein au\u00dfergew\u00f6hnliches Projekt mit 84 Luxuswohnungen, gro\u00dfartigen Gemeinschaftsbereichen und nachhaltigem Design in privilegierter Lage am Mittelmeer.\",\"breadcrumb\":{\"@id\":\"https:\/\/breezeibiza.com\/de\/projekt\/#breadcrumb\"},\"inLanguage\":\"de\",\"potentialAction\":[{\"@type\":\"ReadAction\",\"target\":[\"https:\/\/breezeibiza.com\/de\/projekt\/\"]}]},{\"@type\":\"ImageObject\",\"inLanguage\":\"de\",\"@id\":\"https:\/\/breezeibiza.com\/de\/projekt\/#primaryimage\",\"url\":\"https:\/\/breezeibiza.com\/wp-content\/uploads\/2024\/11\/bg-cover-proyecto.jpg\",\"contentUrl\":\"https:\/\/breezeibiza.com\/wp-content\/uploads\/2024\/11\/bg-cover-proyecto.jpg\",\"width\":2000,\"height\":1645},{\"@type\":\"BreadcrumbList\",\"@id\":\"https:\/\/breezeibiza.com\/de\/projekt\/#breadcrumb\",\"itemListElement\":[{\"@type\":\"ListItem\",\"position\":1,\"name\":\"Portada\",\"item\":\"https:\/\/breezeibiza.com\/de\/\"},{\"@type\":\"ListItem\",\"position\":2,\"name\":\"Projekt\"}]},{\"@type\":\"WebSite\",\"@id\":\"https:\/\/breezeibiza.com\/de\/#website\",\"url\":\"https:\/\/breezeibiza.com\/de\/\",\"name\":\"Breeze Ibiza\",\"description\":\"Este espectacular proyecto se sit\u00faa en una de las zonas m\u00e1s demandadas de Ibiza\",\"publisher\":{\"@id\":\"https:\/\/breezeibiza.com\/de\/#organization\"},\"potentialAction\":[{\"@type\":\"SearchAction\",\"target\":{\"@type\":\"EntryPoint\",\"urlTemplate\":\"https:\/\/breezeibiza.com\/de\/?s={search_term_string}\"},\"query-input\":{\"@type\":\"PropertyValueSpecification\",\"valueRequired\":true,\"valueName\":\"search_term_string\"}}],\"inLanguage\":\"de\"},{\"@type\":\"Organization\",\"@id\":\"https:\/\/breezeibiza.com\/de\/#organization\",\"name\":\"Breeze Ibiza\",\"url\":\"https:\/\/breezeibiza.com\/de\/\",\"logo\":{\"@type\":\"ImageObject\",\"inLanguage\":\"de\",\"@id\":\"https:\/\/breezeibiza.com\/de\/#\/schema\/logo\/image\/\",\"url\":\"https:\/\/breezeibiza.com\/wp-content\/uploads\/2024\/10\/logo-breeze.svg\",\"contentUrl\":\"https:\/\/breezeibiza.com\/wp-content\/uploads\/2024\/10\/logo-breeze.svg\",\"width\":340,\"height\":90,\"caption\":\"Breeze Ibiza\"},\"image\":{\"@id\":\"https:\/\/breezeibiza.com\/de\/#\/schema\/logo\/image\/\"}}]}<\/script>\n<!-- \/ Yoast SEO plugin. -->","yoast_head_json":{"title":"Innovatives Immobilienprojekt | Breeze Ibiza","description":"BREEZE: Ein au\u00dfergew\u00f6hnliches Projekt mit 84 Luxuswohnungen, gro\u00dfartigen Gemeinschaftsbereichen und nachhaltigem Design in privilegierter Lage am Mittelmeer.","robots":{"index":"index","follow":"follow","max-snippet":"max-snippet:-1","max-image-preview":"max-image-preview:large","max-video-preview":"max-video-preview:-1"},"canonical":"https:\/\/breezeibiza.com\/de\/projekt\/","og_locale":"de_DE","og_type":"article","og_title":"Innovatives Immobilienprojekt | Breeze Ibiza","og_description":"BREEZE: Ein au\u00dfergew\u00f6hnliches Projekt mit 84 Luxuswohnungen, gro\u00dfartigen Gemeinschaftsbereichen und nachhaltigem Design in privilegierter Lage am Mittelmeer.","og_url":"https:\/\/breezeibiza.com\/de\/projekt\/","og_site_name":"Breeze Ibiza","article_modified_time":"2024-12-03T17:06:31+00:00","og_image":[{"width":2000,"height":1645,"url":"https:\/\/breezeibiza.com\/wp-content\/uploads\/2024\/11\/bg-cover-proyecto.jpg","type":"image\/jpeg"}],"twitter_card":"summary_large_image","twitter_misc":{"Gesch\u00e4tzte Lesezeit":"1\u00a0Minute"},"schema":{"@context":"https:\/\/schema.org","@graph":[{"@type":"WebPage","@id":"https:\/\/breezeibiza.com\/de\/projekt\/","url":"https:\/\/breezeibiza.com\/de\/projekt\/","name":"Innovatives Immobilienprojekt | Breeze Ibiza","isPartOf":{"@id":"https:\/\/breezeibiza.com\/de\/#website"},"primaryImageOfPage":{"@id":"https:\/\/breezeibiza.com\/de\/projekt\/#primaryimage"},"image":{"@id":"https:\/\/breezeibiza.com\/de\/projekt\/#primaryimage"},"thumbnailUrl":"https:\/\/breezeibiza.com\/wp-content\/uploads\/2024\/11\/bg-cover-proyecto.jpg","datePublished":"2024-10-31T15:47:14+00:00","dateModified":"2024-12-03T17:06:31+00:00","description":"BREEZE: Ein au\u00dfergew\u00f6hnliches Projekt mit 84 Luxuswohnungen, gro\u00dfartigen Gemeinschaftsbereichen und nachhaltigem Design in privilegierter Lage am Mittelmeer.","breadcrumb":{"@id":"https:\/\/breezeibiza.com\/de\/projekt\/#breadcrumb"},"inLanguage":"de","potentialAction":[{"@type":"ReadAction","target":["https:\/\/breezeibiza.com\/de\/projekt\/"]}]},{"@type":"ImageObject","inLanguage":"de","@id":"https:\/\/breezeibiza.com\/de\/projekt\/#primaryimage","url":"https:\/\/breezeibiza.com\/wp-content\/uploads\/2024\/11\/bg-cover-proyecto.jpg","contentUrl":"https:\/\/breezeibiza.com\/wp-content\/uploads\/2024\/11\/bg-cover-proyecto.jpg","width":2000,"height":1645},{"@type":"BreadcrumbList","@id":"https:\/\/breezeibiza.com\/de\/projekt\/#breadcrumb","itemListElement":[{"@type":"ListItem","position":1,"name":"Portada","item":"https:\/\/breezeibiza.com\/de\/"},{"@type":"ListItem","position":2,"name":"Projekt"}]},{"@type":"WebSite","@id":"https:\/\/breezeibiza.com\/de\/#website","url":"https:\/\/breezeibiza.com\/de\/","name":"Breeze Ibiza","description":"Este espectacular proyecto se sit\u00faa en una de las zonas m\u00e1s demandadas de Ibiza","publisher":{"@id":"https:\/\/breezeibiza.com\/de\/#organization"},"potentialAction":[{"@type":"SearchAction","target":{"@type":"EntryPoint","urlTemplate":"https:\/\/breezeibiza.com\/de\/?s={search_term_string}"},"query-input":{"@type":"PropertyValueSpecification","valueRequired":true,"valueName":"search_term_string"}}],"inLanguage":"de"},{"@type":"Organization","@id":"https:\/\/breezeibiza.com\/de\/#organization","name":"Breeze Ibiza","url":"https:\/\/breezeibiza.com\/de\/","logo":{"@type":"ImageObject","inLanguage":"de","@id":"https:\/\/breezeibiza.com\/de\/#\/schema\/logo\/image\/","url":"https:\/\/breezeibiza.com\/wp-content\/uploads\/2024\/10\/logo-breeze.svg","contentUrl":"https:\/\/breezeibiza.com\/wp-content\/uploads\/2024\/10\/logo-breeze.svg","width":340,"height":90,"caption":"Breeze Ibiza"},"image":{"@id":"https:\/\/breezeibiza.com\/de\/#\/schema\/logo\/image\/"}}]}},"_links":{"self":[{"href":"https:\/\/breezeibiza.com\/de\/wp-json\/wp\/v2\/pages\/1044","targetHints":{"allow":["GET"]}}],"collection":[{"href":"https:\/\/breezeibiza.com\/de\/wp-json\/wp\/v2\/pages"}],"about":[{"href":"https:\/\/breezeibiza.com\/de\/wp-json\/wp\/v2\/types\/page"}],"author":[{"embeddable":true,"href":"https:\/\/breezeibiza.com\/de\/wp-json\/wp\/v2\/users\/1"}],"replies":[{"embeddable":true,"href":"https:\/\/breezeibiza.com\/de\/wp-json\/wp\/v2\/comments?post=1044"}],"version-history":[{"count":1,"href":"https:\/\/breezeibiza.com\/de\/wp-json\/wp\/v2\/pages\/1044\/revisions"}],"predecessor-version":[{"id":1046,"href":"https:\/\/breezeibiza.com\/de\/wp-json\/wp\/v2\/pages\/1044\/revisions\/1046"}],"wp:featuredmedia":[{"embeddable":true,"href":"https:\/\/breezeibiza.com\/de\/wp-json\/wp\/v2\/media\/383"}],"wp:attachment":[{"href":"https:\/\/breezeibiza.com\/de\/wp-json\/wp\/v2\/media?parent=1044"}],"curies":[{"name":"wp","href":"https:\/\/api.w.org\/{rel}","templated":true}]}}