{"id":1047,"date":"2024-10-31T16:55:32","date_gmt":"2024-10-31T15:55:32","guid":{"rendered":"https:\/\/breezeibiza.com\/abitazioni\/"},"modified":"2024-12-03T18:09:02","modified_gmt":"2024-12-03T17:09:02","slug":"wohnungen","status":"publish","type":"page","link":"https:\/\/breezeibiza.com\/de\/wohnungen\/","title":{"rendered":"Wohnungen"},"content":{"rendered":"\n<p>BREEZE bietet Ihnen die perfekte Gelegenheit, im Paradies zu leben. Es gibt 84 Wohnungen, die sich durch ihr <strong>zeitgen\u00f6ssisches Design und die Verwendung von Materialien bester Qualit\u00e4t<\/strong> auszeichnen. <br><br>Sie k\u00f6nnen zwischen exklusiven Wohnungen <strong>mit zwei oder drei Schlafzimmern und Terrasse oder Maisonette-Penthouses mit Terrasse und Sonnenterrasse<\/strong> w\u00e4hlen.<\/p>\n\n\n\n<p><\/p>\n","protected":false},"excerpt":{"rendered":"<p>BREEZE bietet Ihnen die perfekte Gelegenheit, im Paradies zu leben. Es gibt 84 Wohnungen, die sich durch ihr zeitgen\u00f6ssisches Design und die Verwendung von Materialien bester Qualit\u00e4t auszeichnen. Sie k\u00f6nnen zwischen exklusiven Wohnungen mit zwei oder drei Schlafzimmern und Terrasse oder Maisonette-Penthouses mit Terrasse und Sonnenterrasse w\u00e4hlen.<\/p>\n","protected":false},"author":1,"featured_media":440,"parent":0,"menu_order":19,"comment_status":"closed","ping_status":"closed","template":"page-viviendas.php","meta":{"_acf_changed":false,"inline_featured_image":false,"footnotes":""},"class_list":["post-1047","page","type-page","status-publish","has-post-thumbnail","hentry"],"acf":[],"yoast_head":"<!-- This site is optimized with the Yoast SEO plugin v27.0 - https:\/\/yoast.com\/product\/yoast-seo-wordpress\/ -->\n<title>Exklusive H\u00e4user mit Meerblick | Breeze Ibiza<\/title>\n<meta name=\"description\" content=\"Entdecken Sie die exklusiven H\u00e4user von Breeze Ibiza: modernes Design, hochwertige Materialien und Meerblick. W\u00e4hlen Sie aus 2-3 Zimmern oder Penthouse-Wohnungen.\" \/>\n<meta name=\"robots\" content=\"index, follow, max-snippet:-1, max-image-preview:large, max-video-preview:-1\" \/>\n<link rel=\"canonical\" href=\"https:\/\/breezeibiza.com\/de\/wohnungen\/\" \/>\n<meta property=\"og:locale\" content=\"de_DE\" \/>\n<meta property=\"og:type\" content=\"article\" \/>\n<meta property=\"og:title\" content=\"Exklusive H\u00e4user mit Meerblick | Breeze Ibiza\" \/>\n<meta property=\"og:description\" content=\"Entdecken Sie die exklusiven H\u00e4user von Breeze Ibiza: modernes Design, hochwertige Materialien und Meerblick. W\u00e4hlen Sie aus 2-3 Zimmern oder Penthouse-Wohnungen.\" \/>\n<meta property=\"og:url\" content=\"https:\/\/breezeibiza.com\/de\/wohnungen\/\" \/>\n<meta property=\"og:site_name\" content=\"Breeze Ibiza\" \/>\n<meta property=\"article:modified_time\" content=\"2024-12-03T17:09:02+00:00\" \/>\n<meta property=\"og:image\" content=\"https:\/\/breezeibiza.com\/wp-content\/uploads\/2024\/11\/bg-viviendas-905x1024.jpg\" \/>\n\t<meta property=\"og:image:width\" content=\"905\" \/>\n\t<meta property=\"og:image:height\" content=\"1024\" \/>\n\t<meta property=\"og:image:type\" content=\"image\/jpeg\" \/>\n<meta name=\"twitter:card\" content=\"summary_large_image\" \/>\n<meta name=\"twitter:label1\" content=\"Gesch\u00e4tzte Lesezeit\" \/>\n\t<meta name=\"twitter:data1\" content=\"1\u00a0Minute\" \/>\n<script type=\"application\/ld+json\" class=\"yoast-schema-graph\">{\"@context\":\"https:\/\/schema.org\",\"@graph\":[{\"@type\":\"WebPage\",\"@id\":\"https:\/\/breezeibiza.com\/de\/wohnungen\/\",\"url\":\"https:\/\/breezeibiza.com\/de\/wohnungen\/\",\"name\":\"Exklusive H\u00e4user mit Meerblick | Breeze Ibiza\",\"isPartOf\":{\"@id\":\"https:\/\/breezeibiza.com\/de\/#website\"},\"primaryImageOfPage\":{\"@id\":\"https:\/\/breezeibiza.com\/de\/wohnungen\/#primaryimage\"},\"image\":{\"@id\":\"https:\/\/breezeibiza.com\/de\/wohnungen\/#primaryimage\"},\"thumbnailUrl\":\"https:\/\/breezeibiza.com\/wp-content\/uploads\/2024\/11\/bg-viviendas.jpg\",\"datePublished\":\"2024-10-31T15:55:32+00:00\",\"dateModified\":\"2024-12-03T17:09:02+00:00\",\"description\":\"Entdecken Sie die exklusiven H\u00e4user von Breeze Ibiza: modernes Design, hochwertige Materialien und Meerblick. W\u00e4hlen Sie aus 2-3 Zimmern oder Penthouse-Wohnungen.\",\"breadcrumb\":{\"@id\":\"https:\/\/breezeibiza.com\/de\/wohnungen\/#breadcrumb\"},\"inLanguage\":\"de\",\"potentialAction\":[{\"@type\":\"ReadAction\",\"target\":[\"https:\/\/breezeibiza.com\/de\/wohnungen\/\"]}]},{\"@type\":\"ImageObject\",\"inLanguage\":\"de\",\"@id\":\"https:\/\/breezeibiza.com\/de\/wohnungen\/#primaryimage\",\"url\":\"https:\/\/breezeibiza.com\/wp-content\/uploads\/2024\/11\/bg-viviendas.jpg\",\"contentUrl\":\"https:\/\/breezeibiza.com\/wp-content\/uploads\/2024\/11\/bg-viviendas.jpg\",\"width\":1812,\"height\":2050,\"caption\":\"Vivienda Breeze Ibiza\"},{\"@type\":\"BreadcrumbList\",\"@id\":\"https:\/\/breezeibiza.com\/de\/wohnungen\/#breadcrumb\",\"itemListElement\":[{\"@type\":\"ListItem\",\"position\":1,\"name\":\"Portada\",\"item\":\"https:\/\/breezeibiza.com\/de\/\"},{\"@type\":\"ListItem\",\"position\":2,\"name\":\"Wohnungen\"}]},{\"@type\":\"WebSite\",\"@id\":\"https:\/\/breezeibiza.com\/de\/#website\",\"url\":\"https:\/\/breezeibiza.com\/de\/\",\"name\":\"Breeze Ibiza\",\"description\":\"Este espectacular proyecto se sit\u00faa en una de las zonas m\u00e1s demandadas de Ibiza\",\"publisher\":{\"@id\":\"https:\/\/breezeibiza.com\/de\/#organization\"},\"potentialAction\":[{\"@type\":\"SearchAction\",\"target\":{\"@type\":\"EntryPoint\",\"urlTemplate\":\"https:\/\/breezeibiza.com\/de\/?s={search_term_string}\"},\"query-input\":{\"@type\":\"PropertyValueSpecification\",\"valueRequired\":true,\"valueName\":\"search_term_string\"}}],\"inLanguage\":\"de\"},{\"@type\":\"Organization\",\"@id\":\"https:\/\/breezeibiza.com\/de\/#organization\",\"name\":\"Breeze Ibiza\",\"url\":\"https:\/\/breezeibiza.com\/de\/\",\"logo\":{\"@type\":\"ImageObject\",\"inLanguage\":\"de\",\"@id\":\"https:\/\/breezeibiza.com\/de\/#\/schema\/logo\/image\/\",\"url\":\"https:\/\/breezeibiza.com\/wp-content\/uploads\/2024\/10\/logo-breeze.svg\",\"contentUrl\":\"https:\/\/breezeibiza.com\/wp-content\/uploads\/2024\/10\/logo-breeze.svg\",\"width\":340,\"height\":90,\"caption\":\"Breeze Ibiza\"},\"image\":{\"@id\":\"https:\/\/breezeibiza.com\/de\/#\/schema\/logo\/image\/\"}}]}<\/script>\n<!-- \/ Yoast SEO plugin. -->","yoast_head_json":{"title":"Exklusive H\u00e4user mit Meerblick | Breeze Ibiza","description":"Entdecken Sie die exklusiven H\u00e4user von Breeze Ibiza: modernes Design, hochwertige Materialien und Meerblick. W\u00e4hlen Sie aus 2-3 Zimmern oder Penthouse-Wohnungen.","robots":{"index":"index","follow":"follow","max-snippet":"max-snippet:-1","max-image-preview":"max-image-preview:large","max-video-preview":"max-video-preview:-1"},"canonical":"https:\/\/breezeibiza.com\/de\/wohnungen\/","og_locale":"de_DE","og_type":"article","og_title":"Exklusive H\u00e4user mit Meerblick | Breeze Ibiza","og_description":"Entdecken Sie die exklusiven H\u00e4user von Breeze Ibiza: modernes Design, hochwertige Materialien und Meerblick. W\u00e4hlen Sie aus 2-3 Zimmern oder Penthouse-Wohnungen.","og_url":"https:\/\/breezeibiza.com\/de\/wohnungen\/","og_site_name":"Breeze Ibiza","article_modified_time":"2024-12-03T17:09:02+00:00","og_image":[{"width":905,"height":1024,"url":"https:\/\/breezeibiza.com\/wp-content\/uploads\/2024\/11\/bg-viviendas-905x1024.jpg","type":"image\/jpeg"}],"twitter_card":"summary_large_image","twitter_misc":{"Gesch\u00e4tzte Lesezeit":"1\u00a0Minute"},"schema":{"@context":"https:\/\/schema.org","@graph":[{"@type":"WebPage","@id":"https:\/\/breezeibiza.com\/de\/wohnungen\/","url":"https:\/\/breezeibiza.com\/de\/wohnungen\/","name":"Exklusive H\u00e4user mit Meerblick | Breeze Ibiza","isPartOf":{"@id":"https:\/\/breezeibiza.com\/de\/#website"},"primaryImageOfPage":{"@id":"https:\/\/breezeibiza.com\/de\/wohnungen\/#primaryimage"},"image":{"@id":"https:\/\/breezeibiza.com\/de\/wohnungen\/#primaryimage"},"thumbnailUrl":"https:\/\/breezeibiza.com\/wp-content\/uploads\/2024\/11\/bg-viviendas.jpg","datePublished":"2024-10-31T15:55:32+00:00","dateModified":"2024-12-03T17:09:02+00:00","description":"Entdecken Sie die exklusiven H\u00e4user von Breeze Ibiza: modernes Design, hochwertige Materialien und Meerblick. W\u00e4hlen Sie aus 2-3 Zimmern oder Penthouse-Wohnungen.","breadcrumb":{"@id":"https:\/\/breezeibiza.com\/de\/wohnungen\/#breadcrumb"},"inLanguage":"de","potentialAction":[{"@type":"ReadAction","target":["https:\/\/breezeibiza.com\/de\/wohnungen\/"]}]},{"@type":"ImageObject","inLanguage":"de","@id":"https:\/\/breezeibiza.com\/de\/wohnungen\/#primaryimage","url":"https:\/\/breezeibiza.com\/wp-content\/uploads\/2024\/11\/bg-viviendas.jpg","contentUrl":"https:\/\/breezeibiza.com\/wp-content\/uploads\/2024\/11\/bg-viviendas.jpg","width":1812,"height":2050,"caption":"Vivienda Breeze Ibiza"},{"@type":"BreadcrumbList","@id":"https:\/\/breezeibiza.com\/de\/wohnungen\/#breadcrumb","itemListElement":[{"@type":"ListItem","position":1,"name":"Portada","item":"https:\/\/breezeibiza.com\/de\/"},{"@type":"ListItem","position":2,"name":"Wohnungen"}]},{"@type":"WebSite","@id":"https:\/\/breezeibiza.com\/de\/#website","url":"https:\/\/breezeibiza.com\/de\/","name":"Breeze Ibiza","description":"Este espectacular proyecto se sit\u00faa en una de las zonas m\u00e1s demandadas de Ibiza","publisher":{"@id":"https:\/\/breezeibiza.com\/de\/#organization"},"potentialAction":[{"@type":"SearchAction","target":{"@type":"EntryPoint","urlTemplate":"https:\/\/breezeibiza.com\/de\/?s={search_term_string}"},"query-input":{"@type":"PropertyValueSpecification","valueRequired":true,"valueName":"search_term_string"}}],"inLanguage":"de"},{"@type":"Organization","@id":"https:\/\/breezeibiza.com\/de\/#organization","name":"Breeze Ibiza","url":"https:\/\/breezeibiza.com\/de\/","logo":{"@type":"ImageObject","inLanguage":"de","@id":"https:\/\/breezeibiza.com\/de\/#\/schema\/logo\/image\/","url":"https:\/\/breezeibiza.com\/wp-content\/uploads\/2024\/10\/logo-breeze.svg","contentUrl":"https:\/\/breezeibiza.com\/wp-content\/uploads\/2024\/10\/logo-breeze.svg","width":340,"height":90,"caption":"Breeze Ibiza"},"image":{"@id":"https:\/\/breezeibiza.com\/de\/#\/schema\/logo\/image\/"}}]}},"_links":{"self":[{"href":"https:\/\/breezeibiza.com\/de\/wp-json\/wp\/v2\/pages\/1047","targetHints":{"allow":["GET"]}}],"collection":[{"href":"https:\/\/breezeibiza.com\/de\/wp-json\/wp\/v2\/pages"}],"about":[{"href":"https:\/\/breezeibiza.com\/de\/wp-json\/wp\/v2\/types\/page"}],"author":[{"embeddable":true,"href":"https:\/\/breezeibiza.com\/de\/wp-json\/wp\/v2\/users\/1"}],"replies":[{"embeddable":true,"href":"https:\/\/breezeibiza.com\/de\/wp-json\/wp\/v2\/comments?post=1047"}],"version-history":[{"count":3,"href":"https:\/\/breezeibiza.com\/de\/wp-json\/wp\/v2\/pages\/1047\/revisions"}],"predecessor-version":[{"id":1133,"href":"https:\/\/breezeibiza.com\/de\/wp-json\/wp\/v2\/pages\/1047\/revisions\/1133"}],"wp:featuredmedia":[{"embeddable":true,"href":"https:\/\/breezeibiza.com\/de\/wp-json\/wp\/v2\/media\/440"}],"wp:attachment":[{"href":"https:\/\/breezeibiza.com\/de\/wp-json\/wp\/v2\/media?parent=1047"}],"curies":[{"name":"wp","href":"https:\/\/api.w.org\/{rel}","templated":true}]}}