{"id":1052,"date":"2024-10-31T16:58:09","date_gmt":"2024-10-31T15:58:09","guid":{"rendered":"https:\/\/breezeibiza.com\/piani-commerciali\/"},"modified":"2026-03-12T16:47:57","modified_gmt":"2026-03-12T15:47:57","slug":"grundrisszeichnungen","status":"publish","type":"page","link":"https:\/\/breezeibiza.com\/de\/grundrisszeichnungen\/","title":{"rendered":"Grundrisszeichnungen"},"content":{"rendered":"","protected":false},"excerpt":{"rendered":"","protected":false},"author":1,"featured_media":0,"parent":0,"menu_order":26,"comment_status":"closed","ping_status":"closed","template":"page-planos.php","meta":{"_acf_changed":false,"inline_featured_image":false,"footnotes":""},"class_list":["post-1052","page","type-page","status-publish","hentry"],"acf":[],"yoast_head":"<!-- This site is optimized with the Yoast SEO plugin v27.0 - https:\/\/yoast.com\/product\/yoast-seo-wordpress\/ -->\n<title>Grundrisse der H\u00e4user | Breeze Ibiza<\/title>\n<meta name=\"description\" content=\"Erkunden Sie die f\u00fcnf Etagen von Breeze Ibiza, mit 17 sorgf\u00e4ltig gestalteten Wohnungen pro Etage, um Platz und Licht optimal zu nutzen.\" \/>\n<meta name=\"robots\" content=\"index, follow, max-snippet:-1, max-image-preview:large, max-video-preview:-1\" \/>\n<link rel=\"canonical\" href=\"https:\/\/breezeibiza.com\/de\/grundrisszeichnungen\/\" \/>\n<meta property=\"og:locale\" content=\"de_DE\" \/>\n<meta property=\"og:type\" content=\"article\" \/>\n<meta property=\"og:title\" content=\"Grundrisse der H\u00e4user | Breeze Ibiza\" \/>\n<meta property=\"og:description\" content=\"Erkunden Sie die f\u00fcnf Etagen von Breeze Ibiza, mit 17 sorgf\u00e4ltig gestalteten Wohnungen pro Etage, um Platz und Licht optimal zu nutzen.\" \/>\n<meta property=\"og:url\" content=\"https:\/\/breezeibiza.com\/de\/grundrisszeichnungen\/\" \/>\n<meta property=\"og:site_name\" content=\"Breeze Ibiza\" \/>\n<meta property=\"article:modified_time\" content=\"2026-03-12T15:47:57+00:00\" \/>\n<meta name=\"twitter:card\" content=\"summary_large_image\" \/>\n<script type=\"application\/ld+json\" class=\"yoast-schema-graph\">{\"@context\":\"https:\/\/schema.org\",\"@graph\":[{\"@type\":\"WebPage\",\"@id\":\"https:\/\/breezeibiza.com\/de\/grundrisszeichnungen\/\",\"url\":\"https:\/\/breezeibiza.com\/de\/grundrisszeichnungen\/\",\"name\":\"Grundrisse der H\u00e4user | Breeze Ibiza\",\"isPartOf\":{\"@id\":\"https:\/\/breezeibiza.com\/de\/#website\"},\"datePublished\":\"2024-10-31T15:58:09+00:00\",\"dateModified\":\"2026-03-12T15:47:57+00:00\",\"description\":\"Erkunden Sie die f\u00fcnf Etagen von Breeze Ibiza, mit 17 sorgf\u00e4ltig gestalteten Wohnungen pro Etage, um Platz und Licht optimal zu nutzen.\",\"breadcrumb\":{\"@id\":\"https:\/\/breezeibiza.com\/de\/grundrisszeichnungen\/#breadcrumb\"},\"inLanguage\":\"de\",\"potentialAction\":[{\"@type\":\"ReadAction\",\"target\":[\"https:\/\/breezeibiza.com\/de\/grundrisszeichnungen\/\"]}]},{\"@type\":\"BreadcrumbList\",\"@id\":\"https:\/\/breezeibiza.com\/de\/grundrisszeichnungen\/#breadcrumb\",\"itemListElement\":[{\"@type\":\"ListItem\",\"position\":1,\"name\":\"Portada\",\"item\":\"https:\/\/breezeibiza.com\/de\/\"},{\"@type\":\"ListItem\",\"position\":2,\"name\":\"Grundrisszeichnungen\"}]},{\"@type\":\"WebSite\",\"@id\":\"https:\/\/breezeibiza.com\/de\/#website\",\"url\":\"https:\/\/breezeibiza.com\/de\/\",\"name\":\"Breeze Ibiza\",\"description\":\"Este espectacular proyecto se sit\u00faa en una de las zonas m\u00e1s demandadas de Ibiza\",\"publisher\":{\"@id\":\"https:\/\/breezeibiza.com\/de\/#organization\"},\"potentialAction\":[{\"@type\":\"SearchAction\",\"target\":{\"@type\":\"EntryPoint\",\"urlTemplate\":\"https:\/\/breezeibiza.com\/de\/?s={search_term_string}\"},\"query-input\":{\"@type\":\"PropertyValueSpecification\",\"valueRequired\":true,\"valueName\":\"search_term_string\"}}],\"inLanguage\":\"de\"},{\"@type\":\"Organization\",\"@id\":\"https:\/\/breezeibiza.com\/de\/#organization\",\"name\":\"Breeze Ibiza\",\"url\":\"https:\/\/breezeibiza.com\/de\/\",\"logo\":{\"@type\":\"ImageObject\",\"inLanguage\":\"de\",\"@id\":\"https:\/\/breezeibiza.com\/de\/#\/schema\/logo\/image\/\",\"url\":\"https:\/\/breezeibiza.com\/wp-content\/uploads\/2024\/10\/logo-breeze.svg\",\"contentUrl\":\"https:\/\/breezeibiza.com\/wp-content\/uploads\/2024\/10\/logo-breeze.svg\",\"width\":340,\"height\":90,\"caption\":\"Breeze Ibiza\"},\"image\":{\"@id\":\"https:\/\/breezeibiza.com\/de\/#\/schema\/logo\/image\/\"}}]}<\/script>\n<!-- \/ Yoast SEO plugin. -->","yoast_head_json":{"title":"Grundrisse der H\u00e4user | Breeze Ibiza","description":"Erkunden Sie die f\u00fcnf Etagen von Breeze Ibiza, mit 17 sorgf\u00e4ltig gestalteten Wohnungen pro Etage, um Platz und Licht optimal zu nutzen.","robots":{"index":"index","follow":"follow","max-snippet":"max-snippet:-1","max-image-preview":"max-image-preview:large","max-video-preview":"max-video-preview:-1"},"canonical":"https:\/\/breezeibiza.com\/de\/grundrisszeichnungen\/","og_locale":"de_DE","og_type":"article","og_title":"Grundrisse der H\u00e4user | Breeze Ibiza","og_description":"Erkunden Sie die f\u00fcnf Etagen von Breeze Ibiza, mit 17 sorgf\u00e4ltig gestalteten Wohnungen pro Etage, um Platz und Licht optimal zu nutzen.","og_url":"https:\/\/breezeibiza.com\/de\/grundrisszeichnungen\/","og_site_name":"Breeze Ibiza","article_modified_time":"2026-03-12T15:47:57+00:00","twitter_card":"summary_large_image","schema":{"@context":"https:\/\/schema.org","@graph":[{"@type":"WebPage","@id":"https:\/\/breezeibiza.com\/de\/grundrisszeichnungen\/","url":"https:\/\/breezeibiza.com\/de\/grundrisszeichnungen\/","name":"Grundrisse der H\u00e4user | Breeze Ibiza","isPartOf":{"@id":"https:\/\/breezeibiza.com\/de\/#website"},"datePublished":"2024-10-31T15:58:09+00:00","dateModified":"2026-03-12T15:47:57+00:00","description":"Erkunden Sie die f\u00fcnf Etagen von Breeze Ibiza, mit 17 sorgf\u00e4ltig gestalteten Wohnungen pro Etage, um Platz und Licht optimal zu nutzen.","breadcrumb":{"@id":"https:\/\/breezeibiza.com\/de\/grundrisszeichnungen\/#breadcrumb"},"inLanguage":"de","potentialAction":[{"@type":"ReadAction","target":["https:\/\/breezeibiza.com\/de\/grundrisszeichnungen\/"]}]},{"@type":"BreadcrumbList","@id":"https:\/\/breezeibiza.com\/de\/grundrisszeichnungen\/#breadcrumb","itemListElement":[{"@type":"ListItem","position":1,"name":"Portada","item":"https:\/\/breezeibiza.com\/de\/"},{"@type":"ListItem","position":2,"name":"Grundrisszeichnungen"}]},{"@type":"WebSite","@id":"https:\/\/breezeibiza.com\/de\/#website","url":"https:\/\/breezeibiza.com\/de\/","name":"Breeze Ibiza","description":"Este espectacular proyecto se sit\u00faa en una de las zonas m\u00e1s demandadas de Ibiza","publisher":{"@id":"https:\/\/breezeibiza.com\/de\/#organization"},"potentialAction":[{"@type":"SearchAction","target":{"@type":"EntryPoint","urlTemplate":"https:\/\/breezeibiza.com\/de\/?s={search_term_string}"},"query-input":{"@type":"PropertyValueSpecification","valueRequired":true,"valueName":"search_term_string"}}],"inLanguage":"de"},{"@type":"Organization","@id":"https:\/\/breezeibiza.com\/de\/#organization","name":"Breeze Ibiza","url":"https:\/\/breezeibiza.com\/de\/","logo":{"@type":"ImageObject","inLanguage":"de","@id":"https:\/\/breezeibiza.com\/de\/#\/schema\/logo\/image\/","url":"https:\/\/breezeibiza.com\/wp-content\/uploads\/2024\/10\/logo-breeze.svg","contentUrl":"https:\/\/breezeibiza.com\/wp-content\/uploads\/2024\/10\/logo-breeze.svg","width":340,"height":90,"caption":"Breeze Ibiza"},"image":{"@id":"https:\/\/breezeibiza.com\/de\/#\/schema\/logo\/image\/"}}]}},"_links":{"self":[{"href":"https:\/\/breezeibiza.com\/de\/wp-json\/wp\/v2\/pages\/1052","targetHints":{"allow":["GET"]}}],"collection":[{"href":"https:\/\/breezeibiza.com\/de\/wp-json\/wp\/v2\/pages"}],"about":[{"href":"https:\/\/breezeibiza.com\/de\/wp-json\/wp\/v2\/types\/page"}],"author":[{"embeddable":true,"href":"https:\/\/breezeibiza.com\/de\/wp-json\/wp\/v2\/users\/1"}],"replies":[{"embeddable":true,"href":"https:\/\/breezeibiza.com\/de\/wp-json\/wp\/v2\/comments?post=1052"}],"version-history":[{"count":15,"href":"https:\/\/breezeibiza.com\/de\/wp-json\/wp\/v2\/pages\/1052\/revisions"}],"predecessor-version":[{"id":3725,"href":"https:\/\/breezeibiza.com\/de\/wp-json\/wp\/v2\/pages\/1052\/revisions\/3725"}],"wp:attachment":[{"href":"https:\/\/breezeibiza.com\/de\/wp-json\/wp\/v2\/media?parent=1052"}],"curies":[{"name":"wp","href":"https:\/\/api.w.org\/{rel}","templated":true}]}}