{"id":1425,"date":"2024-10-31T12:46:42","date_gmt":"2024-10-31T11:46:42","guid":{"rendered":"https:\/\/breezeibiza.com\/?page_id=1425"},"modified":"2025-01-27T11:47:47","modified_gmt":"2025-01-27T10:47:47","slug":"home","status":"publish","type":"page","link":"https:\/\/breezeibiza.com\/fr\/","title":{"rendered":"Home"},"content":{"rendered":"\n<p>Bienvenue \u00e0 Ibiza, dans l&rsquo;une des \u00eeles les plus embl\u00e9matiques de l&rsquo;archipel des Bal\u00e9ares. Sa beaut\u00e9 ne laisse personne indiff\u00e9rent. Sa riche histoire, ses traditions et ses extraordinaires tr\u00e9sors naturels en font un paradis r\u00eav\u00e9 pour beaucoup.<br><br>Ce magnifique projet est situ\u00e9 dans la capitale et comprend <strong>84 logements extraordinaires avec parking, piscine et un magnifique jardin commun.<\/strong> Vous avez le choix entre des <strong>appartements de deux ou trois chambres avec terrasse ou des duplex en attique avec terrasse, solarium <\/strong>et des vues imprenables. Tout cela \u00e0 c\u00f4t\u00e9 de Marina Botafoch et \u00e0 quelques minutes de la plage de Talamanca.<br><br>Investissez dans votre bien-\u00eatre et faites-le avec des garanties. BREEZE dispose du <strong>permis de construire num\u00e9ro G-18692-2019 et les travaux commenceront dans les prochains mois.<\/strong><\/p>\n","protected":false},"excerpt":{"rendered":"<p>Bienvenue \u00e0 Ibiza, dans l&rsquo;une des \u00eeles les plus embl\u00e9matiques de l&rsquo;archipel des Bal\u00e9ares. Sa beaut\u00e9 ne laisse personne indiff\u00e9rent. Sa riche histoire, ses traditions et ses extraordinaires tr\u00e9sors naturels en font un paradis r\u00eav\u00e9 pour beaucoup. Ce magnifique projet est situ\u00e9 dans la capitale et comprend 84 logements extraordinaires avec parking, piscine et un [&hellip;]<\/p>\n","protected":false},"author":1,"featured_media":0,"parent":0,"menu_order":3,"comment_status":"closed","ping_status":"closed","template":"","meta":{"_acf_changed":false,"inline_featured_image":false,"footnotes":""},"class_list":["post-1425","page","type-page","status-publish","hentry"],"acf":[],"yoast_head":"<!-- This site is optimized with the Yoast SEO plugin v27.0 - https:\/\/yoast.com\/product\/yoast-seo-wordpress\/ -->\n<title>BREEZE IBIZA | logements extraordinaires Ibiza<\/title>\n<meta name=\"description\" content=\"Ce magnifique projet est situ\u00e9 dans la capitale et comprend 84 logements extraordinaires avec parking, piscine et un magnifique jardin commun.\" \/>\n<meta name=\"robots\" content=\"index, follow, max-snippet:-1, max-image-preview:large, max-video-preview:-1\" \/>\n<link rel=\"canonical\" href=\"https:\/\/breezeibiza.com\/fr\/\" \/>\n<meta property=\"og:locale\" content=\"fr_FR\" \/>\n<meta property=\"og:type\" content=\"article\" \/>\n<meta property=\"og:title\" content=\"BREEZE IBIZA | logements extraordinaires Ibiza\" \/>\n<meta property=\"og:description\" content=\"Ce magnifique projet est situ\u00e9 dans la capitale et comprend 84 logements extraordinaires avec parking, piscine et un magnifique jardin commun.\" \/>\n<meta property=\"og:url\" content=\"https:\/\/breezeibiza.com\/fr\/\" \/>\n<meta property=\"og:site_name\" content=\"Breeze Ibiza\" \/>\n<meta property=\"article:modified_time\" content=\"2025-01-27T10:47:47+00:00\" \/>\n<meta name=\"twitter:card\" content=\"summary_large_image\" \/>\n<meta name=\"twitter:label1\" content=\"Dur\u00e9e de lecture estim\u00e9e\" \/>\n\t<meta name=\"twitter:data1\" content=\"1 minute\" \/>\n<script type=\"application\/ld+json\" class=\"yoast-schema-graph\">{\"@context\":\"https:\/\/schema.org\",\"@graph\":[{\"@type\":\"WebPage\",\"@id\":\"https:\/\/breezeibiza.com\/fr\/\",\"url\":\"https:\/\/breezeibiza.com\/fr\/\",\"name\":\"BREEZE IBIZA | logements extraordinaires Ibiza\",\"isPartOf\":{\"@id\":\"https:\/\/breezeibiza.com\/fr\/#website\"},\"datePublished\":\"2024-10-31T11:46:42+00:00\",\"dateModified\":\"2025-01-27T10:47:47+00:00\",\"description\":\"Ce magnifique projet est situ\u00e9 dans la capitale et comprend 84 logements extraordinaires avec parking, piscine et un magnifique jardin commun.\",\"breadcrumb\":{\"@id\":\"https:\/\/breezeibiza.com\/fr\/#breadcrumb\"},\"inLanguage\":\"fr-FR\",\"potentialAction\":[{\"@type\":\"ReadAction\",\"target\":[\"https:\/\/breezeibiza.com\/fr\/\"]}]},{\"@type\":\"BreadcrumbList\",\"@id\":\"https:\/\/breezeibiza.com\/fr\/#breadcrumb\",\"itemListElement\":[{\"@type\":\"ListItem\",\"position\":1,\"name\":\"Portada\",\"item\":\"https:\/\/breezeibiza.com\/fr\/\"},{\"@type\":\"ListItem\",\"position\":2,\"name\":\"Home\"}]},{\"@type\":\"WebSite\",\"@id\":\"https:\/\/breezeibiza.com\/fr\/#website\",\"url\":\"https:\/\/breezeibiza.com\/fr\/\",\"name\":\"Breeze Ibiza\",\"description\":\"Este espectacular proyecto se sit\u00faa en una de las zonas m\u00e1s demandadas de Ibiza\",\"publisher\":{\"@id\":\"https:\/\/breezeibiza.com\/fr\/#organization\"},\"potentialAction\":[{\"@type\":\"SearchAction\",\"target\":{\"@type\":\"EntryPoint\",\"urlTemplate\":\"https:\/\/breezeibiza.com\/fr\/?s={search_term_string}\"},\"query-input\":{\"@type\":\"PropertyValueSpecification\",\"valueRequired\":true,\"valueName\":\"search_term_string\"}}],\"inLanguage\":\"fr-FR\"},{\"@type\":\"Organization\",\"@id\":\"https:\/\/breezeibiza.com\/fr\/#organization\",\"name\":\"Breeze Ibiza\",\"url\":\"https:\/\/breezeibiza.com\/fr\/\",\"logo\":{\"@type\":\"ImageObject\",\"inLanguage\":\"fr-FR\",\"@id\":\"https:\/\/breezeibiza.com\/fr\/#\/schema\/logo\/image\/\",\"url\":\"https:\/\/breezeibiza.com\/wp-content\/uploads\/2024\/10\/logo-breeze.svg\",\"contentUrl\":\"https:\/\/breezeibiza.com\/wp-content\/uploads\/2024\/10\/logo-breeze.svg\",\"width\":340,\"height\":90,\"caption\":\"Breeze Ibiza\"},\"image\":{\"@id\":\"https:\/\/breezeibiza.com\/fr\/#\/schema\/logo\/image\/\"}}]}<\/script>\n<!-- \/ Yoast SEO plugin. -->","yoast_head_json":{"title":"BREEZE IBIZA | logements extraordinaires Ibiza","description":"Ce magnifique projet est situ\u00e9 dans la capitale et comprend 84 logements extraordinaires avec parking, piscine et un magnifique jardin commun.","robots":{"index":"index","follow":"follow","max-snippet":"max-snippet:-1","max-image-preview":"max-image-preview:large","max-video-preview":"max-video-preview:-1"},"canonical":"https:\/\/breezeibiza.com\/fr\/","og_locale":"fr_FR","og_type":"article","og_title":"BREEZE IBIZA | logements extraordinaires Ibiza","og_description":"Ce magnifique projet est situ\u00e9 dans la capitale et comprend 84 logements extraordinaires avec parking, piscine et un magnifique jardin commun.","og_url":"https:\/\/breezeibiza.com\/fr\/","og_site_name":"Breeze Ibiza","article_modified_time":"2025-01-27T10:47:47+00:00","twitter_card":"summary_large_image","twitter_misc":{"Dur\u00e9e de lecture estim\u00e9e":"1 minute"},"schema":{"@context":"https:\/\/schema.org","@graph":[{"@type":"WebPage","@id":"https:\/\/breezeibiza.com\/fr\/","url":"https:\/\/breezeibiza.com\/fr\/","name":"BREEZE IBIZA | logements extraordinaires Ibiza","isPartOf":{"@id":"https:\/\/breezeibiza.com\/fr\/#website"},"datePublished":"2024-10-31T11:46:42+00:00","dateModified":"2025-01-27T10:47:47+00:00","description":"Ce magnifique projet est situ\u00e9 dans la capitale et comprend 84 logements extraordinaires avec parking, piscine et un magnifique jardin commun.","breadcrumb":{"@id":"https:\/\/breezeibiza.com\/fr\/#breadcrumb"},"inLanguage":"fr-FR","potentialAction":[{"@type":"ReadAction","target":["https:\/\/breezeibiza.com\/fr\/"]}]},{"@type":"BreadcrumbList","@id":"https:\/\/breezeibiza.com\/fr\/#breadcrumb","itemListElement":[{"@type":"ListItem","position":1,"name":"Portada","item":"https:\/\/breezeibiza.com\/fr\/"},{"@type":"ListItem","position":2,"name":"Home"}]},{"@type":"WebSite","@id":"https:\/\/breezeibiza.com\/fr\/#website","url":"https:\/\/breezeibiza.com\/fr\/","name":"Breeze Ibiza","description":"Este espectacular proyecto se sit\u00faa en una de las zonas m\u00e1s demandadas de Ibiza","publisher":{"@id":"https:\/\/breezeibiza.com\/fr\/#organization"},"potentialAction":[{"@type":"SearchAction","target":{"@type":"EntryPoint","urlTemplate":"https:\/\/breezeibiza.com\/fr\/?s={search_term_string}"},"query-input":{"@type":"PropertyValueSpecification","valueRequired":true,"valueName":"search_term_string"}}],"inLanguage":"fr-FR"},{"@type":"Organization","@id":"https:\/\/breezeibiza.com\/fr\/#organization","name":"Breeze Ibiza","url":"https:\/\/breezeibiza.com\/fr\/","logo":{"@type":"ImageObject","inLanguage":"fr-FR","@id":"https:\/\/breezeibiza.com\/fr\/#\/schema\/logo\/image\/","url":"https:\/\/breezeibiza.com\/wp-content\/uploads\/2024\/10\/logo-breeze.svg","contentUrl":"https:\/\/breezeibiza.com\/wp-content\/uploads\/2024\/10\/logo-breeze.svg","width":340,"height":90,"caption":"Breeze Ibiza"},"image":{"@id":"https:\/\/breezeibiza.com\/fr\/#\/schema\/logo\/image\/"}}]}},"_links":{"self":[{"href":"https:\/\/breezeibiza.com\/fr\/wp-json\/wp\/v2\/pages\/1425","targetHints":{"allow":["GET"]}}],"collection":[{"href":"https:\/\/breezeibiza.com\/fr\/wp-json\/wp\/v2\/pages"}],"about":[{"href":"https:\/\/breezeibiza.com\/fr\/wp-json\/wp\/v2\/types\/page"}],"author":[{"embeddable":true,"href":"https:\/\/breezeibiza.com\/fr\/wp-json\/wp\/v2\/users\/1"}],"replies":[{"embeddable":true,"href":"https:\/\/breezeibiza.com\/fr\/wp-json\/wp\/v2\/comments?post=1425"}],"version-history":[{"count":5,"href":"https:\/\/breezeibiza.com\/fr\/wp-json\/wp\/v2\/pages\/1425\/revisions"}],"predecessor-version":[{"id":1445,"href":"https:\/\/breezeibiza.com\/fr\/wp-json\/wp\/v2\/pages\/1425\/revisions\/1445"}],"wp:attachment":[{"href":"https:\/\/breezeibiza.com\/fr\/wp-json\/wp\/v2\/media?parent=1425"}],"curies":[{"name":"wp","href":"https:\/\/api.w.org\/{rel}","templated":true}]}}