{"id":1434,"date":"2024-10-31T16:11:40","date_gmt":"2024-10-31T15:11:40","guid":{"rendered":"https:\/\/breezeibiza.com\/ubicacion\/"},"modified":"2025-01-27T12:17:05","modified_gmt":"2025-01-27T11:17:05","slug":"emplacement","status":"publish","type":"page","link":"https:\/\/breezeibiza.com\/fr\/emplacement\/","title":{"rendered":"EMPLACEMENT"},"content":{"rendered":"\n<p>Situ\u00e9 <strong>\u00e0 c\u00f4t\u00e9 de Marina Botafoch et \u00e0 quelques m\u00e8tres de la plage de Talamanca<\/strong>, BREEZE Ibiza jouit de vues panoramiques spectaculaires sur la mer M\u00e9diterran\u00e9e. De plus, la vieille ville, class\u00e9e au patrimoine mondial de l&rsquo;UNESCO, ne se trouve qu&rsquo;\u00e0 quelques minutes.<br><br><strong>Dans les environs de BREEZE, vous trouverez toutes sortes de services.<\/strong> Les restaurants gastronomiques, les boutiques de cr\u00e9ateurs, les lieux culturels et les centres de sant\u00e9 ne manquent pas. L&rsquo;a\u00e9roport de l&rsquo;\u00eele n&rsquo;est qu&rsquo;\u00e0 7 km.<br><br>Il s&rsquo;agit sans aucun doute d&rsquo;une occasion unique de profiter d\u2019<strong>une \u00eele tr\u00e8s vivante, qui poss\u00e8de d\u2019autre part une beaut\u00e9 naturelle difficile \u00e0 \u00e9galer.<\/strong><\/p>\n\n\n\n<p><\/p>\n","protected":false},"excerpt":{"rendered":"<p>Situ\u00e9 \u00e0 c\u00f4t\u00e9 de Marina Botafoch et \u00e0 quelques m\u00e8tres de la plage de Talamanca, BREEZE Ibiza jouit de vues panoramiques spectaculaires sur la mer M\u00e9diterran\u00e9e. De plus, la vieille ville, class\u00e9e au patrimoine mondial de l&rsquo;UNESCO, ne se trouve qu&rsquo;\u00e0 quelques minutes. Dans les environs de BREEZE, vous trouverez toutes sortes de services. Les [&hellip;]<\/p>\n","protected":false},"author":1,"featured_media":1435,"parent":0,"menu_order":11,"comment_status":"closed","ping_status":"closed","template":"page-ubicacion.php","meta":{"_acf_changed":false,"inline_featured_image":false,"footnotes":""},"class_list":["post-1434","page","type-page","status-publish","has-post-thumbnail","hentry"],"acf":[],"yoast_head":"<!-- This site is optimized with the Yoast SEO plugin v27.0 - https:\/\/yoast.com\/product\/yoast-seo-wordpress\/ -->\n<title>Maisons dans un emplacement privil\u00e9gi\u00e9 | Breeze Ibiza<\/title>\n<meta name=\"description\" content=\"Situ\u00e9 \u00e0 c\u00f4t\u00e9 de Marina Botafoch et \u00e0 quelques m\u00e8tres de la plage de Talamanca, BREEZE Ibiza jouit de vues panoramiques spectaculaires sur la mer M\u00e9diterran\u00e9e.\" \/>\n<meta name=\"robots\" content=\"index, follow, max-snippet:-1, max-image-preview:large, max-video-preview:-1\" \/>\n<link rel=\"canonical\" href=\"https:\/\/breezeibiza.com\/fr\/emplacement\/\" \/>\n<meta property=\"og:locale\" content=\"fr_FR\" \/>\n<meta property=\"og:type\" content=\"article\" \/>\n<meta property=\"og:title\" content=\"Maisons dans un emplacement privil\u00e9gi\u00e9 | Breeze Ibiza\" \/>\n<meta property=\"og:description\" content=\"Situ\u00e9 \u00e0 c\u00f4t\u00e9 de Marina Botafoch et \u00e0 quelques m\u00e8tres de la plage de Talamanca, BREEZE Ibiza jouit de vues panoramiques spectaculaires sur la mer M\u00e9diterran\u00e9e.\" \/>\n<meta property=\"og:url\" content=\"https:\/\/breezeibiza.com\/fr\/emplacement\/\" \/>\n<meta property=\"og:site_name\" content=\"Breeze Ibiza\" \/>\n<meta property=\"article:modified_time\" content=\"2025-01-27T11:17:05+00:00\" \/>\n<meta property=\"og:image\" content=\"https:\/\/breezeibiza.com\/wp-content\/uploads\/2024\/11\/bg-ubicacion-scaled.jpg\" \/>\n\t<meta property=\"og:image:width\" content=\"2364\" \/>\n\t<meta property=\"og:image:height\" content=\"2560\" \/>\n\t<meta property=\"og:image:type\" content=\"image\/jpeg\" \/>\n<meta name=\"twitter:card\" content=\"summary_large_image\" \/>\n<meta name=\"twitter:label1\" content=\"Dur\u00e9e de lecture estim\u00e9e\" \/>\n\t<meta name=\"twitter:data1\" content=\"1 minute\" \/>\n<script type=\"application\/ld+json\" class=\"yoast-schema-graph\">{\"@context\":\"https:\/\/schema.org\",\"@graph\":[{\"@type\":\"WebPage\",\"@id\":\"https:\/\/breezeibiza.com\/fr\/emplacement\/\",\"url\":\"https:\/\/breezeibiza.com\/fr\/emplacement\/\",\"name\":\"Maisons dans un emplacement privil\u00e9gi\u00e9 | Breeze Ibiza\",\"isPartOf\":{\"@id\":\"https:\/\/breezeibiza.com\/fr\/#website\"},\"primaryImageOfPage\":{\"@id\":\"https:\/\/breezeibiza.com\/fr\/emplacement\/#primaryimage\"},\"image\":{\"@id\":\"https:\/\/breezeibiza.com\/fr\/emplacement\/#primaryimage\"},\"thumbnailUrl\":\"https:\/\/breezeibiza.com\/wp-content\/uploads\/2024\/11\/bg-ubicacion-scaled.jpg\",\"datePublished\":\"2024-10-31T15:11:40+00:00\",\"dateModified\":\"2025-01-27T11:17:05+00:00\",\"description\":\"Situ\u00e9 \u00e0 c\u00f4t\u00e9 de Marina Botafoch et \u00e0 quelques m\u00e8tres de la plage de Talamanca, BREEZE Ibiza jouit de vues panoramiques spectaculaires sur la mer M\u00e9diterran\u00e9e.\",\"breadcrumb\":{\"@id\":\"https:\/\/breezeibiza.com\/fr\/emplacement\/#breadcrumb\"},\"inLanguage\":\"fr-FR\",\"potentialAction\":[{\"@type\":\"ReadAction\",\"target\":[\"https:\/\/breezeibiza.com\/fr\/emplacement\/\"]}]},{\"@type\":\"ImageObject\",\"inLanguage\":\"fr-FR\",\"@id\":\"https:\/\/breezeibiza.com\/fr\/emplacement\/#primaryimage\",\"url\":\"https:\/\/breezeibiza.com\/wp-content\/uploads\/2024\/11\/bg-ubicacion-scaled.jpg\",\"contentUrl\":\"https:\/\/breezeibiza.com\/wp-content\/uploads\/2024\/11\/bg-ubicacion-scaled.jpg\",\"width\":2364,\"height\":2560},{\"@type\":\"BreadcrumbList\",\"@id\":\"https:\/\/breezeibiza.com\/fr\/emplacement\/#breadcrumb\",\"itemListElement\":[{\"@type\":\"ListItem\",\"position\":1,\"name\":\"Portada\",\"item\":\"https:\/\/breezeibiza.com\/fr\/\"},{\"@type\":\"ListItem\",\"position\":2,\"name\":\"EMPLACEMENT\"}]},{\"@type\":\"WebSite\",\"@id\":\"https:\/\/breezeibiza.com\/fr\/#website\",\"url\":\"https:\/\/breezeibiza.com\/fr\/\",\"name\":\"Breeze Ibiza\",\"description\":\"Este espectacular proyecto se sit\u00faa en una de las zonas m\u00e1s demandadas de Ibiza\",\"publisher\":{\"@id\":\"https:\/\/breezeibiza.com\/fr\/#organization\"},\"potentialAction\":[{\"@type\":\"SearchAction\",\"target\":{\"@type\":\"EntryPoint\",\"urlTemplate\":\"https:\/\/breezeibiza.com\/fr\/?s={search_term_string}\"},\"query-input\":{\"@type\":\"PropertyValueSpecification\",\"valueRequired\":true,\"valueName\":\"search_term_string\"}}],\"inLanguage\":\"fr-FR\"},{\"@type\":\"Organization\",\"@id\":\"https:\/\/breezeibiza.com\/fr\/#organization\",\"name\":\"Breeze Ibiza\",\"url\":\"https:\/\/breezeibiza.com\/fr\/\",\"logo\":{\"@type\":\"ImageObject\",\"inLanguage\":\"fr-FR\",\"@id\":\"https:\/\/breezeibiza.com\/fr\/#\/schema\/logo\/image\/\",\"url\":\"https:\/\/breezeibiza.com\/wp-content\/uploads\/2024\/10\/logo-breeze.svg\",\"contentUrl\":\"https:\/\/breezeibiza.com\/wp-content\/uploads\/2024\/10\/logo-breeze.svg\",\"width\":340,\"height\":90,\"caption\":\"Breeze Ibiza\"},\"image\":{\"@id\":\"https:\/\/breezeibiza.com\/fr\/#\/schema\/logo\/image\/\"}}]}<\/script>\n<!-- \/ Yoast SEO plugin. -->","yoast_head_json":{"title":"Maisons dans un emplacement privil\u00e9gi\u00e9 | Breeze Ibiza","description":"Situ\u00e9 \u00e0 c\u00f4t\u00e9 de Marina Botafoch et \u00e0 quelques m\u00e8tres de la plage de Talamanca, BREEZE Ibiza jouit de vues panoramiques spectaculaires sur la mer M\u00e9diterran\u00e9e.","robots":{"index":"index","follow":"follow","max-snippet":"max-snippet:-1","max-image-preview":"max-image-preview:large","max-video-preview":"max-video-preview:-1"},"canonical":"https:\/\/breezeibiza.com\/fr\/emplacement\/","og_locale":"fr_FR","og_type":"article","og_title":"Maisons dans un emplacement privil\u00e9gi\u00e9 | Breeze Ibiza","og_description":"Situ\u00e9 \u00e0 c\u00f4t\u00e9 de Marina Botafoch et \u00e0 quelques m\u00e8tres de la plage de Talamanca, BREEZE Ibiza jouit de vues panoramiques spectaculaires sur la mer M\u00e9diterran\u00e9e.","og_url":"https:\/\/breezeibiza.com\/fr\/emplacement\/","og_site_name":"Breeze Ibiza","article_modified_time":"2025-01-27T11:17:05+00:00","og_image":[{"width":2364,"height":2560,"url":"https:\/\/breezeibiza.com\/wp-content\/uploads\/2024\/11\/bg-ubicacion-scaled.jpg","type":"image\/jpeg"}],"twitter_card":"summary_large_image","twitter_misc":{"Dur\u00e9e de lecture estim\u00e9e":"1 minute"},"schema":{"@context":"https:\/\/schema.org","@graph":[{"@type":"WebPage","@id":"https:\/\/breezeibiza.com\/fr\/emplacement\/","url":"https:\/\/breezeibiza.com\/fr\/emplacement\/","name":"Maisons dans un emplacement privil\u00e9gi\u00e9 | Breeze Ibiza","isPartOf":{"@id":"https:\/\/breezeibiza.com\/fr\/#website"},"primaryImageOfPage":{"@id":"https:\/\/breezeibiza.com\/fr\/emplacement\/#primaryimage"},"image":{"@id":"https:\/\/breezeibiza.com\/fr\/emplacement\/#primaryimage"},"thumbnailUrl":"https:\/\/breezeibiza.com\/wp-content\/uploads\/2024\/11\/bg-ubicacion-scaled.jpg","datePublished":"2024-10-31T15:11:40+00:00","dateModified":"2025-01-27T11:17:05+00:00","description":"Situ\u00e9 \u00e0 c\u00f4t\u00e9 de Marina Botafoch et \u00e0 quelques m\u00e8tres de la plage de Talamanca, BREEZE Ibiza jouit de vues panoramiques spectaculaires sur la mer M\u00e9diterran\u00e9e.","breadcrumb":{"@id":"https:\/\/breezeibiza.com\/fr\/emplacement\/#breadcrumb"},"inLanguage":"fr-FR","potentialAction":[{"@type":"ReadAction","target":["https:\/\/breezeibiza.com\/fr\/emplacement\/"]}]},{"@type":"ImageObject","inLanguage":"fr-FR","@id":"https:\/\/breezeibiza.com\/fr\/emplacement\/#primaryimage","url":"https:\/\/breezeibiza.com\/wp-content\/uploads\/2024\/11\/bg-ubicacion-scaled.jpg","contentUrl":"https:\/\/breezeibiza.com\/wp-content\/uploads\/2024\/11\/bg-ubicacion-scaled.jpg","width":2364,"height":2560},{"@type":"BreadcrumbList","@id":"https:\/\/breezeibiza.com\/fr\/emplacement\/#breadcrumb","itemListElement":[{"@type":"ListItem","position":1,"name":"Portada","item":"https:\/\/breezeibiza.com\/fr\/"},{"@type":"ListItem","position":2,"name":"EMPLACEMENT"}]},{"@type":"WebSite","@id":"https:\/\/breezeibiza.com\/fr\/#website","url":"https:\/\/breezeibiza.com\/fr\/","name":"Breeze Ibiza","description":"Este espectacular proyecto se sit\u00faa en una de las zonas m\u00e1s demandadas de Ibiza","publisher":{"@id":"https:\/\/breezeibiza.com\/fr\/#organization"},"potentialAction":[{"@type":"SearchAction","target":{"@type":"EntryPoint","urlTemplate":"https:\/\/breezeibiza.com\/fr\/?s={search_term_string}"},"query-input":{"@type":"PropertyValueSpecification","valueRequired":true,"valueName":"search_term_string"}}],"inLanguage":"fr-FR"},{"@type":"Organization","@id":"https:\/\/breezeibiza.com\/fr\/#organization","name":"Breeze Ibiza","url":"https:\/\/breezeibiza.com\/fr\/","logo":{"@type":"ImageObject","inLanguage":"fr-FR","@id":"https:\/\/breezeibiza.com\/fr\/#\/schema\/logo\/image\/","url":"https:\/\/breezeibiza.com\/wp-content\/uploads\/2024\/10\/logo-breeze.svg","contentUrl":"https:\/\/breezeibiza.com\/wp-content\/uploads\/2024\/10\/logo-breeze.svg","width":340,"height":90,"caption":"Breeze Ibiza"},"image":{"@id":"https:\/\/breezeibiza.com\/fr\/#\/schema\/logo\/image\/"}}]}},"_links":{"self":[{"href":"https:\/\/breezeibiza.com\/fr\/wp-json\/wp\/v2\/pages\/1434","targetHints":{"allow":["GET"]}}],"collection":[{"href":"https:\/\/breezeibiza.com\/fr\/wp-json\/wp\/v2\/pages"}],"about":[{"href":"https:\/\/breezeibiza.com\/fr\/wp-json\/wp\/v2\/types\/page"}],"author":[{"embeddable":true,"href":"https:\/\/breezeibiza.com\/fr\/wp-json\/wp\/v2\/users\/1"}],"replies":[{"embeddable":true,"href":"https:\/\/breezeibiza.com\/fr\/wp-json\/wp\/v2\/comments?post=1434"}],"version-history":[{"count":8,"href":"https:\/\/breezeibiza.com\/fr\/wp-json\/wp\/v2\/pages\/1434\/revisions"}],"predecessor-version":[{"id":1585,"href":"https:\/\/breezeibiza.com\/fr\/wp-json\/wp\/v2\/pages\/1434\/revisions\/1585"}],"wp:featuredmedia":[{"embeddable":true,"href":"https:\/\/breezeibiza.com\/fr\/wp-json\/wp\/v2\/media\/1435"}],"wp:attachment":[{"href":"https:\/\/breezeibiza.com\/fr\/wp-json\/wp\/v2\/media?parent=1434"}],"curies":[{"name":"wp","href":"https:\/\/api.w.org\/{rel}","templated":true}]}}