{"id":1490,"date":"2024-10-31T16:47:14","date_gmt":"2024-10-31T15:47:14","guid":{"rendered":"https:\/\/breezeibiza.com\/proyecto\/"},"modified":"2025-01-27T11:53:26","modified_gmt":"2025-01-27T10:53:26","slug":"le-projet","status":"publish","type":"page","link":"https:\/\/breezeibiza.com\/fr\/le-projet\/","title":{"rendered":"LE PROJET"},"content":{"rendered":"\n<p>BREEZE est un projet exceptionnel compos\u00e9 de deux b\u00e2timents abritant <strong>84 magnifiques logements de deux et trois chambres avec terrasses, compl\u00e9t\u00e9es par de fantastiques espaces communs, dont un parking, une piscine spectaculaire et un jardin priv\u00e9.<\/strong><br><br>Tout cela dans l&rsquo;une des zones les plus recherch\u00e9es de la capitale d&rsquo;Ibiza, o\u00f9 l&rsquo;activit\u00e9 vibrante d&rsquo;une ville qui ne dort jamais se m\u00eale au charme particulier d&rsquo;une terre baign\u00e9e par la M\u00e9diterran\u00e9e et admir\u00e9e dans le monde entier.<\/p>\n\n\n\n<p><\/p>\n","protected":false},"excerpt":{"rendered":"<p>BREEZE est un projet exceptionnel compos\u00e9 de deux b\u00e2timents abritant 84 magnifiques logements de deux et trois chambres avec terrasses, compl\u00e9t\u00e9es par de fantastiques espaces communs, dont un parking, une piscine spectaculaire et un jardin priv\u00e9. Tout cela dans l&rsquo;une des zones les plus recherch\u00e9es de la capitale d&rsquo;Ibiza, o\u00f9 l&rsquo;activit\u00e9 vibrante d&rsquo;une ville qui [&hellip;]<\/p>\n","protected":false},"author":1,"featured_media":1491,"parent":0,"menu_order":13,"comment_status":"closed","ping_status":"closed","template":"page-proyecto.php","meta":{"_acf_changed":false,"inline_featured_image":false,"footnotes":""},"class_list":["post-1490","page","type-page","status-publish","has-post-thumbnail","hentry"],"acf":[],"yoast_head":"<!-- This site is optimized with the Yoast SEO plugin v27.0 - https:\/\/yoast.com\/product\/yoast-seo-wordpress\/ -->\n<title>Projet immobilier innovant | Breeze Ibiza<\/title>\n<meta name=\"description\" content=\"Un projet exceptionnel avec 84 magnifiques maisons, des espaces communs fantastiques et une conception durable, dans un emplacement privil\u00e9gi\u00e9 au bord de la M\u00e9diterran\u00e9e.\" \/>\n<meta name=\"robots\" content=\"index, follow, max-snippet:-1, max-image-preview:large, max-video-preview:-1\" \/>\n<link rel=\"canonical\" href=\"https:\/\/breezeibiza.com\/fr\/le-projet\/\" \/>\n<meta property=\"og:locale\" content=\"fr_FR\" \/>\n<meta property=\"og:type\" content=\"article\" \/>\n<meta property=\"og:title\" content=\"Projet immobilier innovant | Breeze Ibiza\" \/>\n<meta property=\"og:description\" content=\"Un projet exceptionnel avec 84 magnifiques maisons, des espaces communs fantastiques et une conception durable, dans un emplacement privil\u00e9gi\u00e9 au bord de la M\u00e9diterran\u00e9e.\" \/>\n<meta property=\"og:url\" content=\"https:\/\/breezeibiza.com\/fr\/le-projet\/\" \/>\n<meta property=\"og:site_name\" content=\"Breeze Ibiza\" \/>\n<meta property=\"article:modified_time\" content=\"2025-01-27T10:53:26+00:00\" \/>\n<meta property=\"og:image\" content=\"https:\/\/breezeibiza.com\/wp-content\/uploads\/2024\/11\/bg-cover-proyecto.jpg\" \/>\n\t<meta property=\"og:image:width\" content=\"2000\" \/>\n\t<meta property=\"og:image:height\" content=\"1645\" \/>\n\t<meta property=\"og:image:type\" content=\"image\/jpeg\" \/>\n<meta name=\"twitter:card\" content=\"summary_large_image\" \/>\n<meta name=\"twitter:label1\" content=\"Dur\u00e9e de lecture estim\u00e9e\" \/>\n\t<meta name=\"twitter:data1\" content=\"1 minute\" \/>\n<script type=\"application\/ld+json\" class=\"yoast-schema-graph\">{\"@context\":\"https:\/\/schema.org\",\"@graph\":[{\"@type\":\"WebPage\",\"@id\":\"https:\/\/breezeibiza.com\/fr\/le-projet\/\",\"url\":\"https:\/\/breezeibiza.com\/fr\/le-projet\/\",\"name\":\"Projet immobilier innovant | Breeze Ibiza\",\"isPartOf\":{\"@id\":\"https:\/\/breezeibiza.com\/fr\/#website\"},\"primaryImageOfPage\":{\"@id\":\"https:\/\/breezeibiza.com\/fr\/le-projet\/#primaryimage\"},\"image\":{\"@id\":\"https:\/\/breezeibiza.com\/fr\/le-projet\/#primaryimage\"},\"thumbnailUrl\":\"https:\/\/breezeibiza.com\/wp-content\/uploads\/2024\/11\/bg-cover-proyecto.jpg\",\"datePublished\":\"2024-10-31T15:47:14+00:00\",\"dateModified\":\"2025-01-27T10:53:26+00:00\",\"description\":\"Un projet exceptionnel avec 84 magnifiques maisons, des espaces communs fantastiques et une conception durable, dans un emplacement privil\u00e9gi\u00e9 au bord de la M\u00e9diterran\u00e9e.\",\"breadcrumb\":{\"@id\":\"https:\/\/breezeibiza.com\/fr\/le-projet\/#breadcrumb\"},\"inLanguage\":\"fr-FR\",\"potentialAction\":[{\"@type\":\"ReadAction\",\"target\":[\"https:\/\/breezeibiza.com\/fr\/le-projet\/\"]}]},{\"@type\":\"ImageObject\",\"inLanguage\":\"fr-FR\",\"@id\":\"https:\/\/breezeibiza.com\/fr\/le-projet\/#primaryimage\",\"url\":\"https:\/\/breezeibiza.com\/wp-content\/uploads\/2024\/11\/bg-cover-proyecto.jpg\",\"contentUrl\":\"https:\/\/breezeibiza.com\/wp-content\/uploads\/2024\/11\/bg-cover-proyecto.jpg\",\"width\":2000,\"height\":1645},{\"@type\":\"BreadcrumbList\",\"@id\":\"https:\/\/breezeibiza.com\/fr\/le-projet\/#breadcrumb\",\"itemListElement\":[{\"@type\":\"ListItem\",\"position\":1,\"name\":\"Portada\",\"item\":\"https:\/\/breezeibiza.com\/fr\/\"},{\"@type\":\"ListItem\",\"position\":2,\"name\":\"LE PROJET\"}]},{\"@type\":\"WebSite\",\"@id\":\"https:\/\/breezeibiza.com\/fr\/#website\",\"url\":\"https:\/\/breezeibiza.com\/fr\/\",\"name\":\"Breeze Ibiza\",\"description\":\"Este espectacular proyecto se sit\u00faa en una de las zonas m\u00e1s demandadas de Ibiza\",\"publisher\":{\"@id\":\"https:\/\/breezeibiza.com\/fr\/#organization\"},\"potentialAction\":[{\"@type\":\"SearchAction\",\"target\":{\"@type\":\"EntryPoint\",\"urlTemplate\":\"https:\/\/breezeibiza.com\/fr\/?s={search_term_string}\"},\"query-input\":{\"@type\":\"PropertyValueSpecification\",\"valueRequired\":true,\"valueName\":\"search_term_string\"}}],\"inLanguage\":\"fr-FR\"},{\"@type\":\"Organization\",\"@id\":\"https:\/\/breezeibiza.com\/fr\/#organization\",\"name\":\"Breeze Ibiza\",\"url\":\"https:\/\/breezeibiza.com\/fr\/\",\"logo\":{\"@type\":\"ImageObject\",\"inLanguage\":\"fr-FR\",\"@id\":\"https:\/\/breezeibiza.com\/fr\/#\/schema\/logo\/image\/\",\"url\":\"https:\/\/breezeibiza.com\/wp-content\/uploads\/2024\/10\/logo-breeze.svg\",\"contentUrl\":\"https:\/\/breezeibiza.com\/wp-content\/uploads\/2024\/10\/logo-breeze.svg\",\"width\":340,\"height\":90,\"caption\":\"Breeze Ibiza\"},\"image\":{\"@id\":\"https:\/\/breezeibiza.com\/fr\/#\/schema\/logo\/image\/\"}}]}<\/script>\n<!-- \/ Yoast SEO plugin. -->","yoast_head_json":{"title":"Projet immobilier innovant | Breeze Ibiza","description":"Un projet exceptionnel avec 84 magnifiques maisons, des espaces communs fantastiques et une conception durable, dans un emplacement privil\u00e9gi\u00e9 au bord de la M\u00e9diterran\u00e9e.","robots":{"index":"index","follow":"follow","max-snippet":"max-snippet:-1","max-image-preview":"max-image-preview:large","max-video-preview":"max-video-preview:-1"},"canonical":"https:\/\/breezeibiza.com\/fr\/le-projet\/","og_locale":"fr_FR","og_type":"article","og_title":"Projet immobilier innovant | Breeze Ibiza","og_description":"Un projet exceptionnel avec 84 magnifiques maisons, des espaces communs fantastiques et une conception durable, dans un emplacement privil\u00e9gi\u00e9 au bord de la M\u00e9diterran\u00e9e.","og_url":"https:\/\/breezeibiza.com\/fr\/le-projet\/","og_site_name":"Breeze Ibiza","article_modified_time":"2025-01-27T10:53:26+00:00","og_image":[{"width":2000,"height":1645,"url":"https:\/\/breezeibiza.com\/wp-content\/uploads\/2024\/11\/bg-cover-proyecto.jpg","type":"image\/jpeg"}],"twitter_card":"summary_large_image","twitter_misc":{"Dur\u00e9e de lecture estim\u00e9e":"1 minute"},"schema":{"@context":"https:\/\/schema.org","@graph":[{"@type":"WebPage","@id":"https:\/\/breezeibiza.com\/fr\/le-projet\/","url":"https:\/\/breezeibiza.com\/fr\/le-projet\/","name":"Projet immobilier innovant | Breeze Ibiza","isPartOf":{"@id":"https:\/\/breezeibiza.com\/fr\/#website"},"primaryImageOfPage":{"@id":"https:\/\/breezeibiza.com\/fr\/le-projet\/#primaryimage"},"image":{"@id":"https:\/\/breezeibiza.com\/fr\/le-projet\/#primaryimage"},"thumbnailUrl":"https:\/\/breezeibiza.com\/wp-content\/uploads\/2024\/11\/bg-cover-proyecto.jpg","datePublished":"2024-10-31T15:47:14+00:00","dateModified":"2025-01-27T10:53:26+00:00","description":"Un projet exceptionnel avec 84 magnifiques maisons, des espaces communs fantastiques et une conception durable, dans un emplacement privil\u00e9gi\u00e9 au bord de la M\u00e9diterran\u00e9e.","breadcrumb":{"@id":"https:\/\/breezeibiza.com\/fr\/le-projet\/#breadcrumb"},"inLanguage":"fr-FR","potentialAction":[{"@type":"ReadAction","target":["https:\/\/breezeibiza.com\/fr\/le-projet\/"]}]},{"@type":"ImageObject","inLanguage":"fr-FR","@id":"https:\/\/breezeibiza.com\/fr\/le-projet\/#primaryimage","url":"https:\/\/breezeibiza.com\/wp-content\/uploads\/2024\/11\/bg-cover-proyecto.jpg","contentUrl":"https:\/\/breezeibiza.com\/wp-content\/uploads\/2024\/11\/bg-cover-proyecto.jpg","width":2000,"height":1645},{"@type":"BreadcrumbList","@id":"https:\/\/breezeibiza.com\/fr\/le-projet\/#breadcrumb","itemListElement":[{"@type":"ListItem","position":1,"name":"Portada","item":"https:\/\/breezeibiza.com\/fr\/"},{"@type":"ListItem","position":2,"name":"LE PROJET"}]},{"@type":"WebSite","@id":"https:\/\/breezeibiza.com\/fr\/#website","url":"https:\/\/breezeibiza.com\/fr\/","name":"Breeze Ibiza","description":"Este espectacular proyecto se sit\u00faa en una de las zonas m\u00e1s demandadas de Ibiza","publisher":{"@id":"https:\/\/breezeibiza.com\/fr\/#organization"},"potentialAction":[{"@type":"SearchAction","target":{"@type":"EntryPoint","urlTemplate":"https:\/\/breezeibiza.com\/fr\/?s={search_term_string}"},"query-input":{"@type":"PropertyValueSpecification","valueRequired":true,"valueName":"search_term_string"}}],"inLanguage":"fr-FR"},{"@type":"Organization","@id":"https:\/\/breezeibiza.com\/fr\/#organization","name":"Breeze Ibiza","url":"https:\/\/breezeibiza.com\/fr\/","logo":{"@type":"ImageObject","inLanguage":"fr-FR","@id":"https:\/\/breezeibiza.com\/fr\/#\/schema\/logo\/image\/","url":"https:\/\/breezeibiza.com\/wp-content\/uploads\/2024\/10\/logo-breeze.svg","contentUrl":"https:\/\/breezeibiza.com\/wp-content\/uploads\/2024\/10\/logo-breeze.svg","width":340,"height":90,"caption":"Breeze Ibiza"},"image":{"@id":"https:\/\/breezeibiza.com\/fr\/#\/schema\/logo\/image\/"}}]}},"_links":{"self":[{"href":"https:\/\/breezeibiza.com\/fr\/wp-json\/wp\/v2\/pages\/1490","targetHints":{"allow":["GET"]}}],"collection":[{"href":"https:\/\/breezeibiza.com\/fr\/wp-json\/wp\/v2\/pages"}],"about":[{"href":"https:\/\/breezeibiza.com\/fr\/wp-json\/wp\/v2\/types\/page"}],"author":[{"embeddable":true,"href":"https:\/\/breezeibiza.com\/fr\/wp-json\/wp\/v2\/users\/1"}],"replies":[{"embeddable":true,"href":"https:\/\/breezeibiza.com\/fr\/wp-json\/wp\/v2\/comments?post=1490"}],"version-history":[{"count":1,"href":"https:\/\/breezeibiza.com\/fr\/wp-json\/wp\/v2\/pages\/1490\/revisions"}],"predecessor-version":[{"id":1501,"href":"https:\/\/breezeibiza.com\/fr\/wp-json\/wp\/v2\/pages\/1490\/revisions\/1501"}],"wp:featuredmedia":[{"embeddable":true,"href":"https:\/\/breezeibiza.com\/fr\/wp-json\/wp\/v2\/media\/1491"}],"wp:attachment":[{"href":"https:\/\/breezeibiza.com\/fr\/wp-json\/wp\/v2\/media?parent=1490"}],"curies":[{"name":"wp","href":"https:\/\/api.w.org\/{rel}","templated":true}]}}