{"id":1504,"date":"2024-10-31T16:55:32","date_gmt":"2024-10-31T15:55:32","guid":{"rendered":"https:\/\/breezeibiza.com\/viviendas\/"},"modified":"2025-01-27T11:55:22","modified_gmt":"2025-01-27T10:55:22","slug":"logements","status":"publish","type":"page","link":"https:\/\/breezeibiza.com\/fr\/logements\/","title":{"rendered":"LOGEMENTS"},"content":{"rendered":"\n<p>BREEZE vous offre l&rsquo;opportunit\u00e9 parfaite de vivre au paradis. Ce sont 84 habitations qui se caract\u00e9risent par <strong>leur design contemporain et l&rsquo;utilisation de mat\u00e9riaux de la<\/strong> <strong>meilleure qualit\u00e9<\/strong>.<\/p>\n\n\n\n<p>Vous pouvez opter pour des propri\u00e9t\u00e9s exclusives de <strong>deux ou trois chambres <\/strong>avec <strong>terrasse ou des duplex en attique avec terrasse et solarium<\/strong>. R\u00e9veillez-vous avec les plus belles vues de la M\u00e9diterran\u00e9e et contemplez de chez vous les plus beaux couchers de soleil.<\/p>\n\n\n\n<p><\/p>\n","protected":false},"excerpt":{"rendered":"<p>BREEZE vous offre l&rsquo;opportunit\u00e9 parfaite de vivre au paradis. Ce sont 84 habitations qui se caract\u00e9risent par leur design contemporain et l&rsquo;utilisation de mat\u00e9riaux de la meilleure qualit\u00e9. Vous pouvez opter pour des propri\u00e9t\u00e9s exclusives de deux ou trois chambres avec terrasse ou des duplex en attique avec terrasse et solarium. R\u00e9veillez-vous avec les plus [&hellip;]<\/p>\n","protected":false},"author":1,"featured_media":1506,"parent":0,"menu_order":19,"comment_status":"closed","ping_status":"closed","template":"page-viviendas.php","meta":{"_acf_changed":false,"inline_featured_image":false,"footnotes":""},"class_list":["post-1504","page","type-page","status-publish","has-post-thumbnail","hentry"],"acf":[],"yoast_head":"<!-- This site is optimized with the Yoast SEO plugin v27.0 - https:\/\/yoast.com\/product\/yoast-seo-wordpress\/ -->\n<title>Maisons exclusives avec vue sur la M\u00e9diterran\u00e9e | Breeze Ibiza<\/title>\n<meta name=\"description\" content=\"Achetez votre maison \u00e0 Breeze : maisons de 2 et 3 chambres ou penthouses en duplex avec terrasse, \u00e0 c\u00f4t\u00e9 de Marina Botafoch et de Playa de Talamanca.\" \/>\n<meta name=\"robots\" content=\"index, follow, max-snippet:-1, max-image-preview:large, max-video-preview:-1\" \/>\n<link rel=\"canonical\" href=\"https:\/\/breezeibiza.com\/fr\/logements\/\" \/>\n<meta property=\"og:locale\" content=\"fr_FR\" \/>\n<meta property=\"og:type\" content=\"article\" \/>\n<meta property=\"og:title\" content=\"Maisons exclusives avec vue sur la M\u00e9diterran\u00e9e | Breeze Ibiza\" \/>\n<meta property=\"og:description\" content=\"Achetez votre maison \u00e0 Breeze : maisons de 2 et 3 chambres ou penthouses en duplex avec terrasse, \u00e0 c\u00f4t\u00e9 de Marina Botafoch et de Playa de Talamanca.\" \/>\n<meta property=\"og:url\" content=\"https:\/\/breezeibiza.com\/fr\/logements\/\" \/>\n<meta property=\"og:site_name\" content=\"Breeze Ibiza\" \/>\n<meta property=\"article:modified_time\" content=\"2025-01-27T10:55:22+00:00\" \/>\n<meta property=\"og:image\" content=\"https:\/\/breezeibiza.com\/wp-content\/uploads\/2024\/11\/bg-viviendas-905x1024.jpg\" \/>\n\t<meta property=\"og:image:width\" content=\"905\" \/>\n\t<meta property=\"og:image:height\" content=\"1024\" \/>\n\t<meta property=\"og:image:type\" content=\"image\/jpeg\" \/>\n<meta name=\"twitter:card\" content=\"summary_large_image\" \/>\n<meta name=\"twitter:label1\" content=\"Dur\u00e9e de lecture estim\u00e9e\" \/>\n\t<meta name=\"twitter:data1\" content=\"1 minute\" \/>\n<script type=\"application\/ld+json\" class=\"yoast-schema-graph\">{\"@context\":\"https:\/\/schema.org\",\"@graph\":[{\"@type\":\"WebPage\",\"@id\":\"https:\/\/breezeibiza.com\/fr\/logements\/\",\"url\":\"https:\/\/breezeibiza.com\/fr\/logements\/\",\"name\":\"Maisons exclusives avec vue sur la M\u00e9diterran\u00e9e | Breeze Ibiza\",\"isPartOf\":{\"@id\":\"https:\/\/breezeibiza.com\/fr\/#website\"},\"primaryImageOfPage\":{\"@id\":\"https:\/\/breezeibiza.com\/fr\/logements\/#primaryimage\"},\"image\":{\"@id\":\"https:\/\/breezeibiza.com\/fr\/logements\/#primaryimage\"},\"thumbnailUrl\":\"https:\/\/breezeibiza.com\/wp-content\/uploads\/2024\/11\/bg-viviendas.jpg\",\"datePublished\":\"2024-10-31T15:55:32+00:00\",\"dateModified\":\"2025-01-27T10:55:22+00:00\",\"description\":\"Achetez votre maison \u00e0 Breeze : maisons de 2 et 3 chambres ou penthouses en duplex avec terrasse, \u00e0 c\u00f4t\u00e9 de Marina Botafoch et de Playa de Talamanca.\",\"breadcrumb\":{\"@id\":\"https:\/\/breezeibiza.com\/fr\/logements\/#breadcrumb\"},\"inLanguage\":\"fr-FR\",\"potentialAction\":[{\"@type\":\"ReadAction\",\"target\":[\"https:\/\/breezeibiza.com\/fr\/logements\/\"]}]},{\"@type\":\"ImageObject\",\"inLanguage\":\"fr-FR\",\"@id\":\"https:\/\/breezeibiza.com\/fr\/logements\/#primaryimage\",\"url\":\"https:\/\/breezeibiza.com\/wp-content\/uploads\/2024\/11\/bg-viviendas.jpg\",\"contentUrl\":\"https:\/\/breezeibiza.com\/wp-content\/uploads\/2024\/11\/bg-viviendas.jpg\",\"width\":1812,\"height\":2050},{\"@type\":\"BreadcrumbList\",\"@id\":\"https:\/\/breezeibiza.com\/fr\/logements\/#breadcrumb\",\"itemListElement\":[{\"@type\":\"ListItem\",\"position\":1,\"name\":\"Portada\",\"item\":\"https:\/\/breezeibiza.com\/fr\/\"},{\"@type\":\"ListItem\",\"position\":2,\"name\":\"LOGEMENTS\"}]},{\"@type\":\"WebSite\",\"@id\":\"https:\/\/breezeibiza.com\/fr\/#website\",\"url\":\"https:\/\/breezeibiza.com\/fr\/\",\"name\":\"Breeze Ibiza\",\"description\":\"Este espectacular proyecto se sit\u00faa en una de las zonas m\u00e1s demandadas de Ibiza\",\"publisher\":{\"@id\":\"https:\/\/breezeibiza.com\/fr\/#organization\"},\"potentialAction\":[{\"@type\":\"SearchAction\",\"target\":{\"@type\":\"EntryPoint\",\"urlTemplate\":\"https:\/\/breezeibiza.com\/fr\/?s={search_term_string}\"},\"query-input\":{\"@type\":\"PropertyValueSpecification\",\"valueRequired\":true,\"valueName\":\"search_term_string\"}}],\"inLanguage\":\"fr-FR\"},{\"@type\":\"Organization\",\"@id\":\"https:\/\/breezeibiza.com\/fr\/#organization\",\"name\":\"Breeze Ibiza\",\"url\":\"https:\/\/breezeibiza.com\/fr\/\",\"logo\":{\"@type\":\"ImageObject\",\"inLanguage\":\"fr-FR\",\"@id\":\"https:\/\/breezeibiza.com\/fr\/#\/schema\/logo\/image\/\",\"url\":\"https:\/\/breezeibiza.com\/wp-content\/uploads\/2024\/10\/logo-breeze.svg\",\"contentUrl\":\"https:\/\/breezeibiza.com\/wp-content\/uploads\/2024\/10\/logo-breeze.svg\",\"width\":340,\"height\":90,\"caption\":\"Breeze Ibiza\"},\"image\":{\"@id\":\"https:\/\/breezeibiza.com\/fr\/#\/schema\/logo\/image\/\"}}]}<\/script>\n<!-- \/ Yoast SEO plugin. -->","yoast_head_json":{"title":"Maisons exclusives avec vue sur la M\u00e9diterran\u00e9e | Breeze Ibiza","description":"Achetez votre maison \u00e0 Breeze : maisons de 2 et 3 chambres ou penthouses en duplex avec terrasse, \u00e0 c\u00f4t\u00e9 de Marina Botafoch et de Playa de Talamanca.","robots":{"index":"index","follow":"follow","max-snippet":"max-snippet:-1","max-image-preview":"max-image-preview:large","max-video-preview":"max-video-preview:-1"},"canonical":"https:\/\/breezeibiza.com\/fr\/logements\/","og_locale":"fr_FR","og_type":"article","og_title":"Maisons exclusives avec vue sur la M\u00e9diterran\u00e9e | Breeze Ibiza","og_description":"Achetez votre maison \u00e0 Breeze : maisons de 2 et 3 chambres ou penthouses en duplex avec terrasse, \u00e0 c\u00f4t\u00e9 de Marina Botafoch et de Playa de Talamanca.","og_url":"https:\/\/breezeibiza.com\/fr\/logements\/","og_site_name":"Breeze Ibiza","article_modified_time":"2025-01-27T10:55:22+00:00","og_image":[{"width":905,"height":1024,"url":"https:\/\/breezeibiza.com\/wp-content\/uploads\/2024\/11\/bg-viviendas-905x1024.jpg","type":"image\/jpeg"}],"twitter_card":"summary_large_image","twitter_misc":{"Dur\u00e9e de lecture estim\u00e9e":"1 minute"},"schema":{"@context":"https:\/\/schema.org","@graph":[{"@type":"WebPage","@id":"https:\/\/breezeibiza.com\/fr\/logements\/","url":"https:\/\/breezeibiza.com\/fr\/logements\/","name":"Maisons exclusives avec vue sur la M\u00e9diterran\u00e9e | Breeze Ibiza","isPartOf":{"@id":"https:\/\/breezeibiza.com\/fr\/#website"},"primaryImageOfPage":{"@id":"https:\/\/breezeibiza.com\/fr\/logements\/#primaryimage"},"image":{"@id":"https:\/\/breezeibiza.com\/fr\/logements\/#primaryimage"},"thumbnailUrl":"https:\/\/breezeibiza.com\/wp-content\/uploads\/2024\/11\/bg-viviendas.jpg","datePublished":"2024-10-31T15:55:32+00:00","dateModified":"2025-01-27T10:55:22+00:00","description":"Achetez votre maison \u00e0 Breeze : maisons de 2 et 3 chambres ou penthouses en duplex avec terrasse, \u00e0 c\u00f4t\u00e9 de Marina Botafoch et de Playa de Talamanca.","breadcrumb":{"@id":"https:\/\/breezeibiza.com\/fr\/logements\/#breadcrumb"},"inLanguage":"fr-FR","potentialAction":[{"@type":"ReadAction","target":["https:\/\/breezeibiza.com\/fr\/logements\/"]}]},{"@type":"ImageObject","inLanguage":"fr-FR","@id":"https:\/\/breezeibiza.com\/fr\/logements\/#primaryimage","url":"https:\/\/breezeibiza.com\/wp-content\/uploads\/2024\/11\/bg-viviendas.jpg","contentUrl":"https:\/\/breezeibiza.com\/wp-content\/uploads\/2024\/11\/bg-viviendas.jpg","width":1812,"height":2050},{"@type":"BreadcrumbList","@id":"https:\/\/breezeibiza.com\/fr\/logements\/#breadcrumb","itemListElement":[{"@type":"ListItem","position":1,"name":"Portada","item":"https:\/\/breezeibiza.com\/fr\/"},{"@type":"ListItem","position":2,"name":"LOGEMENTS"}]},{"@type":"WebSite","@id":"https:\/\/breezeibiza.com\/fr\/#website","url":"https:\/\/breezeibiza.com\/fr\/","name":"Breeze Ibiza","description":"Este espectacular proyecto se sit\u00faa en una de las zonas m\u00e1s demandadas de Ibiza","publisher":{"@id":"https:\/\/breezeibiza.com\/fr\/#organization"},"potentialAction":[{"@type":"SearchAction","target":{"@type":"EntryPoint","urlTemplate":"https:\/\/breezeibiza.com\/fr\/?s={search_term_string}"},"query-input":{"@type":"PropertyValueSpecification","valueRequired":true,"valueName":"search_term_string"}}],"inLanguage":"fr-FR"},{"@type":"Organization","@id":"https:\/\/breezeibiza.com\/fr\/#organization","name":"Breeze Ibiza","url":"https:\/\/breezeibiza.com\/fr\/","logo":{"@type":"ImageObject","inLanguage":"fr-FR","@id":"https:\/\/breezeibiza.com\/fr\/#\/schema\/logo\/image\/","url":"https:\/\/breezeibiza.com\/wp-content\/uploads\/2024\/10\/logo-breeze.svg","contentUrl":"https:\/\/breezeibiza.com\/wp-content\/uploads\/2024\/10\/logo-breeze.svg","width":340,"height":90,"caption":"Breeze Ibiza"},"image":{"@id":"https:\/\/breezeibiza.com\/fr\/#\/schema\/logo\/image\/"}}]}},"_links":{"self":[{"href":"https:\/\/breezeibiza.com\/fr\/wp-json\/wp\/v2\/pages\/1504","targetHints":{"allow":["GET"]}}],"collection":[{"href":"https:\/\/breezeibiza.com\/fr\/wp-json\/wp\/v2\/pages"}],"about":[{"href":"https:\/\/breezeibiza.com\/fr\/wp-json\/wp\/v2\/types\/page"}],"author":[{"embeddable":true,"href":"https:\/\/breezeibiza.com\/fr\/wp-json\/wp\/v2\/users\/1"}],"replies":[{"embeddable":true,"href":"https:\/\/breezeibiza.com\/fr\/wp-json\/wp\/v2\/comments?post=1504"}],"version-history":[{"count":2,"href":"https:\/\/breezeibiza.com\/fr\/wp-json\/wp\/v2\/pages\/1504\/revisions"}],"predecessor-version":[{"id":1565,"href":"https:\/\/breezeibiza.com\/fr\/wp-json\/wp\/v2\/pages\/1504\/revisions\/1565"}],"wp:featuredmedia":[{"embeddable":true,"href":"https:\/\/breezeibiza.com\/fr\/wp-json\/wp\/v2\/media\/1506"}],"wp:attachment":[{"href":"https:\/\/breezeibiza.com\/fr\/wp-json\/wp\/v2\/media?parent=1504"}],"curies":[{"name":"wp","href":"https:\/\/api.w.org\/{rel}","templated":true}]}}