{"id":1555,"date":"2024-10-31T17:02:31","date_gmt":"2024-10-31T16:02:31","guid":{"rendered":"https:\/\/breezeibiza.com\/galeria\/"},"modified":"2025-01-30T16:11:40","modified_gmt":"2025-01-30T15:11:40","slug":"galerie","status":"publish","type":"page","link":"https:\/\/breezeibiza.com\/fr\/galerie\/","title":{"rendered":"Galerie d&rsquo;images"},"content":{"rendered":"","protected":false},"excerpt":{"rendered":"","protected":false},"author":1,"featured_media":0,"parent":0,"menu_order":60,"comment_status":"closed","ping_status":"closed","template":"page-galeria.php","meta":{"_acf_changed":false,"inline_featured_image":false,"footnotes":""},"class_list":["post-1555","page","type-page","status-publish","hentry"],"acf":[],"yoast_head":"<!-- This site is optimized with the Yoast SEO plugin v27.0 - https:\/\/yoast.com\/product\/yoast-seo-wordpress\/ -->\n<title>Galerie d&#039;images et de vid\u00e9os | Breeze Ibiza<\/title>\n<meta name=\"description\" content=\"D\u00e9couvrez les rendus ext\u00e9rieurs et int\u00e9rieurs de Breeze Ibiza et la vid\u00e9o de pr\u00e9sentation du projet qui d\u00e9finit le nouveau style de vie sur l&#039;\u00eele.\" \/>\n<meta name=\"robots\" content=\"index, follow, max-snippet:-1, max-image-preview:large, max-video-preview:-1\" \/>\n<link rel=\"canonical\" href=\"https:\/\/breezeibiza.com\/fr\/galerie\/\" \/>\n<meta property=\"og:locale\" content=\"fr_FR\" \/>\n<meta property=\"og:type\" content=\"article\" \/>\n<meta property=\"og:title\" content=\"Galerie d&#039;images et de vid\u00e9os | Breeze Ibiza\" \/>\n<meta property=\"og:description\" content=\"D\u00e9couvrez les rendus ext\u00e9rieurs et int\u00e9rieurs de Breeze Ibiza et la vid\u00e9o de pr\u00e9sentation du projet qui d\u00e9finit le nouveau style de vie sur l&#039;\u00eele.\" \/>\n<meta property=\"og:url\" content=\"https:\/\/breezeibiza.com\/fr\/galerie\/\" \/>\n<meta property=\"og:site_name\" content=\"Breeze Ibiza\" \/>\n<meta property=\"article:modified_time\" content=\"2025-01-30T15:11:40+00:00\" \/>\n<meta name=\"twitter:card\" content=\"summary_large_image\" \/>\n<script type=\"application\/ld+json\" class=\"yoast-schema-graph\">{\"@context\":\"https:\/\/schema.org\",\"@graph\":[{\"@type\":\"WebPage\",\"@id\":\"https:\/\/breezeibiza.com\/fr\/galerie\/\",\"url\":\"https:\/\/breezeibiza.com\/fr\/galerie\/\",\"name\":\"Galerie d'images et de vid\u00e9os | Breeze Ibiza\",\"isPartOf\":{\"@id\":\"https:\/\/breezeibiza.com\/fr\/#website\"},\"datePublished\":\"2024-10-31T16:02:31+00:00\",\"dateModified\":\"2025-01-30T15:11:40+00:00\",\"description\":\"D\u00e9couvrez les rendus ext\u00e9rieurs et int\u00e9rieurs de Breeze Ibiza et la vid\u00e9o de pr\u00e9sentation du projet qui d\u00e9finit le nouveau style de vie sur l'\u00eele.\",\"breadcrumb\":{\"@id\":\"https:\/\/breezeibiza.com\/fr\/galerie\/#breadcrumb\"},\"inLanguage\":\"fr-FR\",\"potentialAction\":[{\"@type\":\"ReadAction\",\"target\":[\"https:\/\/breezeibiza.com\/fr\/galerie\/\"]}]},{\"@type\":\"BreadcrumbList\",\"@id\":\"https:\/\/breezeibiza.com\/fr\/galerie\/#breadcrumb\",\"itemListElement\":[{\"@type\":\"ListItem\",\"position\":1,\"name\":\"Portada\",\"item\":\"https:\/\/breezeibiza.com\/fr\/\"},{\"@type\":\"ListItem\",\"position\":2,\"name\":\"Galerie d&rsquo;images\"}]},{\"@type\":\"WebSite\",\"@id\":\"https:\/\/breezeibiza.com\/fr\/#website\",\"url\":\"https:\/\/breezeibiza.com\/fr\/\",\"name\":\"Breeze Ibiza\",\"description\":\"Este espectacular proyecto se sit\u00faa en una de las zonas m\u00e1s demandadas de Ibiza\",\"publisher\":{\"@id\":\"https:\/\/breezeibiza.com\/fr\/#organization\"},\"potentialAction\":[{\"@type\":\"SearchAction\",\"target\":{\"@type\":\"EntryPoint\",\"urlTemplate\":\"https:\/\/breezeibiza.com\/fr\/?s={search_term_string}\"},\"query-input\":{\"@type\":\"PropertyValueSpecification\",\"valueRequired\":true,\"valueName\":\"search_term_string\"}}],\"inLanguage\":\"fr-FR\"},{\"@type\":\"Organization\",\"@id\":\"https:\/\/breezeibiza.com\/fr\/#organization\",\"name\":\"Breeze Ibiza\",\"url\":\"https:\/\/breezeibiza.com\/fr\/\",\"logo\":{\"@type\":\"ImageObject\",\"inLanguage\":\"fr-FR\",\"@id\":\"https:\/\/breezeibiza.com\/fr\/#\/schema\/logo\/image\/\",\"url\":\"https:\/\/breezeibiza.com\/wp-content\/uploads\/2024\/10\/logo-breeze.svg\",\"contentUrl\":\"https:\/\/breezeibiza.com\/wp-content\/uploads\/2024\/10\/logo-breeze.svg\",\"width\":340,\"height\":90,\"caption\":\"Breeze Ibiza\"},\"image\":{\"@id\":\"https:\/\/breezeibiza.com\/fr\/#\/schema\/logo\/image\/\"}}]}<\/script>\n<!-- \/ Yoast SEO plugin. -->","yoast_head_json":{"title":"Galerie d'images et de vid\u00e9os | Breeze Ibiza","description":"D\u00e9couvrez les rendus ext\u00e9rieurs et int\u00e9rieurs de Breeze Ibiza et la vid\u00e9o de pr\u00e9sentation du projet qui d\u00e9finit le nouveau style de vie sur l'\u00eele.","robots":{"index":"index","follow":"follow","max-snippet":"max-snippet:-1","max-image-preview":"max-image-preview:large","max-video-preview":"max-video-preview:-1"},"canonical":"https:\/\/breezeibiza.com\/fr\/galerie\/","og_locale":"fr_FR","og_type":"article","og_title":"Galerie d'images et de vid\u00e9os | Breeze Ibiza","og_description":"D\u00e9couvrez les rendus ext\u00e9rieurs et int\u00e9rieurs de Breeze Ibiza et la vid\u00e9o de pr\u00e9sentation du projet qui d\u00e9finit le nouveau style de vie sur l'\u00eele.","og_url":"https:\/\/breezeibiza.com\/fr\/galerie\/","og_site_name":"Breeze Ibiza","article_modified_time":"2025-01-30T15:11:40+00:00","twitter_card":"summary_large_image","schema":{"@context":"https:\/\/schema.org","@graph":[{"@type":"WebPage","@id":"https:\/\/breezeibiza.com\/fr\/galerie\/","url":"https:\/\/breezeibiza.com\/fr\/galerie\/","name":"Galerie d'images et de vid\u00e9os | Breeze Ibiza","isPartOf":{"@id":"https:\/\/breezeibiza.com\/fr\/#website"},"datePublished":"2024-10-31T16:02:31+00:00","dateModified":"2025-01-30T15:11:40+00:00","description":"D\u00e9couvrez les rendus ext\u00e9rieurs et int\u00e9rieurs de Breeze Ibiza et la vid\u00e9o de pr\u00e9sentation du projet qui d\u00e9finit le nouveau style de vie sur l'\u00eele.","breadcrumb":{"@id":"https:\/\/breezeibiza.com\/fr\/galerie\/#breadcrumb"},"inLanguage":"fr-FR","potentialAction":[{"@type":"ReadAction","target":["https:\/\/breezeibiza.com\/fr\/galerie\/"]}]},{"@type":"BreadcrumbList","@id":"https:\/\/breezeibiza.com\/fr\/galerie\/#breadcrumb","itemListElement":[{"@type":"ListItem","position":1,"name":"Portada","item":"https:\/\/breezeibiza.com\/fr\/"},{"@type":"ListItem","position":2,"name":"Galerie d&rsquo;images"}]},{"@type":"WebSite","@id":"https:\/\/breezeibiza.com\/fr\/#website","url":"https:\/\/breezeibiza.com\/fr\/","name":"Breeze Ibiza","description":"Este espectacular proyecto se sit\u00faa en una de las zonas m\u00e1s demandadas de Ibiza","publisher":{"@id":"https:\/\/breezeibiza.com\/fr\/#organization"},"potentialAction":[{"@type":"SearchAction","target":{"@type":"EntryPoint","urlTemplate":"https:\/\/breezeibiza.com\/fr\/?s={search_term_string}"},"query-input":{"@type":"PropertyValueSpecification","valueRequired":true,"valueName":"search_term_string"}}],"inLanguage":"fr-FR"},{"@type":"Organization","@id":"https:\/\/breezeibiza.com\/fr\/#organization","name":"Breeze Ibiza","url":"https:\/\/breezeibiza.com\/fr\/","logo":{"@type":"ImageObject","inLanguage":"fr-FR","@id":"https:\/\/breezeibiza.com\/fr\/#\/schema\/logo\/image\/","url":"https:\/\/breezeibiza.com\/wp-content\/uploads\/2024\/10\/logo-breeze.svg","contentUrl":"https:\/\/breezeibiza.com\/wp-content\/uploads\/2024\/10\/logo-breeze.svg","width":340,"height":90,"caption":"Breeze Ibiza"},"image":{"@id":"https:\/\/breezeibiza.com\/fr\/#\/schema\/logo\/image\/"}}]}},"_links":{"self":[{"href":"https:\/\/breezeibiza.com\/fr\/wp-json\/wp\/v2\/pages\/1555","targetHints":{"allow":["GET"]}}],"collection":[{"href":"https:\/\/breezeibiza.com\/fr\/wp-json\/wp\/v2\/pages"}],"about":[{"href":"https:\/\/breezeibiza.com\/fr\/wp-json\/wp\/v2\/types\/page"}],"author":[{"embeddable":true,"href":"https:\/\/breezeibiza.com\/fr\/wp-json\/wp\/v2\/users\/1"}],"replies":[{"embeddable":true,"href":"https:\/\/breezeibiza.com\/fr\/wp-json\/wp\/v2\/comments?post=1555"}],"version-history":[{"count":2,"href":"https:\/\/breezeibiza.com\/fr\/wp-json\/wp\/v2\/pages\/1555\/revisions"}],"predecessor-version":[{"id":1612,"href":"https:\/\/breezeibiza.com\/fr\/wp-json\/wp\/v2\/pages\/1555\/revisions\/1612"}],"wp:attachment":[{"href":"https:\/\/breezeibiza.com\/fr\/wp-json\/wp\/v2\/media?parent=1555"}],"curies":[{"name":"wp","href":"https:\/\/api.w.org\/{rel}","templated":true}]}}