{"id":970,"date":"2024-10-31T16:47:14","date_gmt":"2024-10-31T15:47:14","guid":{"rendered":"https:\/\/breezeibiza.com\/proyecto\/"},"modified":"2024-12-03T18:05:49","modified_gmt":"2024-12-03T17:05:49","slug":"progetto","status":"publish","type":"page","link":"https:\/\/breezeibiza.com\/it\/progetto\/","title":{"rendered":"Progetto"},"content":{"rendered":"\n<p>BREEZE \u00e8 un progetto eccezionale composto da due edifici che ospitano <strong>84 magnifiche abitazioni con due o tre camere da letto con terrazza, completate da fantastiche aree comuni, tra cui parcheggio, una spettacolare piscina e giardino privato.<\/strong> <\/p>\n\n\n\n<p>Situato in una delle zone pi\u00f9 richieste della capitale di Ibiza, che combina la vivace attivit\u00e0 di una citt\u00e0 dinamica con il fascino di una terra bagnata dal Mediterraneo, ammirata in tutto il mondo<\/p>\n\n\n\n<p><\/p>\n","protected":false},"excerpt":{"rendered":"<p>BREEZE \u00e8 un progetto eccezionale composto da due edifici che ospitano 84 magnifiche abitazioni con due o tre camere da letto con terrazza, completate da fantastiche aree comuni, tra cui parcheggio, una spettacolare piscina e giardino privato. Situato in una delle zone pi\u00f9 richieste della capitale di Ibiza, che combina la vivace attivit\u00e0 di una [&hellip;]<\/p>\n","protected":false},"author":1,"featured_media":384,"parent":0,"menu_order":13,"comment_status":"closed","ping_status":"closed","template":"page-proyecto.php","meta":{"_acf_changed":false,"inline_featured_image":false,"footnotes":""},"class_list":["post-970","page","type-page","status-publish","has-post-thumbnail","hentry"],"acf":[],"yoast_head":"<!-- This site is optimized with the Yoast SEO plugin v27.0 - https:\/\/yoast.com\/product\/yoast-seo-wordpress\/ -->\n<title>Progetto Immobiliare Innovativo | Breeze Ibiza<\/title>\n<meta name=\"description\" content=\"BREEZE: un progetto eccezionale con 84 case di lusso, straordinarie aree comuni e design sostenibile, in una posizione privilegiata accanto al Mediterraneo.\" \/>\n<meta name=\"robots\" content=\"index, follow, max-snippet:-1, max-image-preview:large, max-video-preview:-1\" \/>\n<link rel=\"canonical\" href=\"https:\/\/breezeibiza.com\/it\/progetto\/\" \/>\n<meta property=\"og:locale\" content=\"it_IT\" \/>\n<meta property=\"og:type\" content=\"article\" \/>\n<meta property=\"og:title\" content=\"Progetto Immobiliare Innovativo | Breeze Ibiza\" \/>\n<meta property=\"og:description\" content=\"BREEZE: un progetto eccezionale con 84 case di lusso, straordinarie aree comuni e design sostenibile, in una posizione privilegiata accanto al Mediterraneo.\" \/>\n<meta property=\"og:url\" content=\"https:\/\/breezeibiza.com\/it\/progetto\/\" \/>\n<meta property=\"og:site_name\" content=\"Breeze Ibiza\" \/>\n<meta property=\"article:modified_time\" content=\"2024-12-03T17:05:49+00:00\" \/>\n<meta property=\"og:image\" content=\"https:\/\/breezeibiza.com\/wp-content\/uploads\/2024\/11\/bg-cover-proyecto.jpg\" \/>\n\t<meta property=\"og:image:width\" content=\"2000\" \/>\n\t<meta property=\"og:image:height\" content=\"1645\" \/>\n\t<meta property=\"og:image:type\" content=\"image\/jpeg\" \/>\n<meta name=\"twitter:card\" content=\"summary_large_image\" \/>\n<meta name=\"twitter:label1\" content=\"Tempo di lettura stimato\" \/>\n\t<meta name=\"twitter:data1\" content=\"1 minuto\" \/>\n<script type=\"application\/ld+json\" class=\"yoast-schema-graph\">{\"@context\":\"https:\/\/schema.org\",\"@graph\":[{\"@type\":\"WebPage\",\"@id\":\"https:\/\/breezeibiza.com\/it\/progetto\/\",\"url\":\"https:\/\/breezeibiza.com\/it\/progetto\/\",\"name\":\"Progetto Immobiliare Innovativo | Breeze Ibiza\",\"isPartOf\":{\"@id\":\"https:\/\/breezeibiza.com\/it\/#website\"},\"primaryImageOfPage\":{\"@id\":\"https:\/\/breezeibiza.com\/it\/progetto\/#primaryimage\"},\"image\":{\"@id\":\"https:\/\/breezeibiza.com\/it\/progetto\/#primaryimage\"},\"thumbnailUrl\":\"https:\/\/breezeibiza.com\/wp-content\/uploads\/2024\/11\/bg-cover-proyecto.jpg\",\"datePublished\":\"2024-10-31T15:47:14+00:00\",\"dateModified\":\"2024-12-03T17:05:49+00:00\",\"description\":\"BREEZE: un progetto eccezionale con 84 case di lusso, straordinarie aree comuni e design sostenibile, in una posizione privilegiata accanto al Mediterraneo.\",\"breadcrumb\":{\"@id\":\"https:\/\/breezeibiza.com\/it\/progetto\/#breadcrumb\"},\"inLanguage\":\"it-IT\",\"potentialAction\":[{\"@type\":\"ReadAction\",\"target\":[\"https:\/\/breezeibiza.com\/it\/progetto\/\"]}]},{\"@type\":\"ImageObject\",\"inLanguage\":\"it-IT\",\"@id\":\"https:\/\/breezeibiza.com\/it\/progetto\/#primaryimage\",\"url\":\"https:\/\/breezeibiza.com\/wp-content\/uploads\/2024\/11\/bg-cover-proyecto.jpg\",\"contentUrl\":\"https:\/\/breezeibiza.com\/wp-content\/uploads\/2024\/11\/bg-cover-proyecto.jpg\",\"width\":2000,\"height\":1645},{\"@type\":\"BreadcrumbList\",\"@id\":\"https:\/\/breezeibiza.com\/it\/progetto\/#breadcrumb\",\"itemListElement\":[{\"@type\":\"ListItem\",\"position\":1,\"name\":\"Portada\",\"item\":\"https:\/\/breezeibiza.com\/it\/\"},{\"@type\":\"ListItem\",\"position\":2,\"name\":\"Progetto\"}]},{\"@type\":\"WebSite\",\"@id\":\"https:\/\/breezeibiza.com\/it\/#website\",\"url\":\"https:\/\/breezeibiza.com\/it\/\",\"name\":\"Breeze Ibiza\",\"description\":\"Este espectacular proyecto se sit\u00faa en una de las zonas m\u00e1s demandadas de Ibiza\",\"publisher\":{\"@id\":\"https:\/\/breezeibiza.com\/it\/#organization\"},\"potentialAction\":[{\"@type\":\"SearchAction\",\"target\":{\"@type\":\"EntryPoint\",\"urlTemplate\":\"https:\/\/breezeibiza.com\/it\/?s={search_term_string}\"},\"query-input\":{\"@type\":\"PropertyValueSpecification\",\"valueRequired\":true,\"valueName\":\"search_term_string\"}}],\"inLanguage\":\"it-IT\"},{\"@type\":\"Organization\",\"@id\":\"https:\/\/breezeibiza.com\/it\/#organization\",\"name\":\"Breeze Ibiza\",\"url\":\"https:\/\/breezeibiza.com\/it\/\",\"logo\":{\"@type\":\"ImageObject\",\"inLanguage\":\"it-IT\",\"@id\":\"https:\/\/breezeibiza.com\/it\/#\/schema\/logo\/image\/\",\"url\":\"https:\/\/breezeibiza.com\/wp-content\/uploads\/2024\/10\/logo-breeze.svg\",\"contentUrl\":\"https:\/\/breezeibiza.com\/wp-content\/uploads\/2024\/10\/logo-breeze.svg\",\"width\":340,\"height\":90,\"caption\":\"Breeze Ibiza\"},\"image\":{\"@id\":\"https:\/\/breezeibiza.com\/it\/#\/schema\/logo\/image\/\"}}]}<\/script>\n<!-- \/ Yoast SEO plugin. -->","yoast_head_json":{"title":"Progetto Immobiliare Innovativo | Breeze Ibiza","description":"BREEZE: un progetto eccezionale con 84 case di lusso, straordinarie aree comuni e design sostenibile, in una posizione privilegiata accanto al Mediterraneo.","robots":{"index":"index","follow":"follow","max-snippet":"max-snippet:-1","max-image-preview":"max-image-preview:large","max-video-preview":"max-video-preview:-1"},"canonical":"https:\/\/breezeibiza.com\/it\/progetto\/","og_locale":"it_IT","og_type":"article","og_title":"Progetto Immobiliare Innovativo | Breeze Ibiza","og_description":"BREEZE: un progetto eccezionale con 84 case di lusso, straordinarie aree comuni e design sostenibile, in una posizione privilegiata accanto al Mediterraneo.","og_url":"https:\/\/breezeibiza.com\/it\/progetto\/","og_site_name":"Breeze Ibiza","article_modified_time":"2024-12-03T17:05:49+00:00","og_image":[{"width":2000,"height":1645,"url":"https:\/\/breezeibiza.com\/wp-content\/uploads\/2024\/11\/bg-cover-proyecto.jpg","type":"image\/jpeg"}],"twitter_card":"summary_large_image","twitter_misc":{"Tempo di lettura stimato":"1 minuto"},"schema":{"@context":"https:\/\/schema.org","@graph":[{"@type":"WebPage","@id":"https:\/\/breezeibiza.com\/it\/progetto\/","url":"https:\/\/breezeibiza.com\/it\/progetto\/","name":"Progetto Immobiliare Innovativo | Breeze Ibiza","isPartOf":{"@id":"https:\/\/breezeibiza.com\/it\/#website"},"primaryImageOfPage":{"@id":"https:\/\/breezeibiza.com\/it\/progetto\/#primaryimage"},"image":{"@id":"https:\/\/breezeibiza.com\/it\/progetto\/#primaryimage"},"thumbnailUrl":"https:\/\/breezeibiza.com\/wp-content\/uploads\/2024\/11\/bg-cover-proyecto.jpg","datePublished":"2024-10-31T15:47:14+00:00","dateModified":"2024-12-03T17:05:49+00:00","description":"BREEZE: un progetto eccezionale con 84 case di lusso, straordinarie aree comuni e design sostenibile, in una posizione privilegiata accanto al Mediterraneo.","breadcrumb":{"@id":"https:\/\/breezeibiza.com\/it\/progetto\/#breadcrumb"},"inLanguage":"it-IT","potentialAction":[{"@type":"ReadAction","target":["https:\/\/breezeibiza.com\/it\/progetto\/"]}]},{"@type":"ImageObject","inLanguage":"it-IT","@id":"https:\/\/breezeibiza.com\/it\/progetto\/#primaryimage","url":"https:\/\/breezeibiza.com\/wp-content\/uploads\/2024\/11\/bg-cover-proyecto.jpg","contentUrl":"https:\/\/breezeibiza.com\/wp-content\/uploads\/2024\/11\/bg-cover-proyecto.jpg","width":2000,"height":1645},{"@type":"BreadcrumbList","@id":"https:\/\/breezeibiza.com\/it\/progetto\/#breadcrumb","itemListElement":[{"@type":"ListItem","position":1,"name":"Portada","item":"https:\/\/breezeibiza.com\/it\/"},{"@type":"ListItem","position":2,"name":"Progetto"}]},{"@type":"WebSite","@id":"https:\/\/breezeibiza.com\/it\/#website","url":"https:\/\/breezeibiza.com\/it\/","name":"Breeze Ibiza","description":"Este espectacular proyecto se sit\u00faa en una de las zonas m\u00e1s demandadas de Ibiza","publisher":{"@id":"https:\/\/breezeibiza.com\/it\/#organization"},"potentialAction":[{"@type":"SearchAction","target":{"@type":"EntryPoint","urlTemplate":"https:\/\/breezeibiza.com\/it\/?s={search_term_string}"},"query-input":{"@type":"PropertyValueSpecification","valueRequired":true,"valueName":"search_term_string"}}],"inLanguage":"it-IT"},{"@type":"Organization","@id":"https:\/\/breezeibiza.com\/it\/#organization","name":"Breeze Ibiza","url":"https:\/\/breezeibiza.com\/it\/","logo":{"@type":"ImageObject","inLanguage":"it-IT","@id":"https:\/\/breezeibiza.com\/it\/#\/schema\/logo\/image\/","url":"https:\/\/breezeibiza.com\/wp-content\/uploads\/2024\/10\/logo-breeze.svg","contentUrl":"https:\/\/breezeibiza.com\/wp-content\/uploads\/2024\/10\/logo-breeze.svg","width":340,"height":90,"caption":"Breeze Ibiza"},"image":{"@id":"https:\/\/breezeibiza.com\/it\/#\/schema\/logo\/image\/"}}]}},"_links":{"self":[{"href":"https:\/\/breezeibiza.com\/it\/wp-json\/wp\/v2\/pages\/970","targetHints":{"allow":["GET"]}}],"collection":[{"href":"https:\/\/breezeibiza.com\/it\/wp-json\/wp\/v2\/pages"}],"about":[{"href":"https:\/\/breezeibiza.com\/it\/wp-json\/wp\/v2\/types\/page"}],"author":[{"embeddable":true,"href":"https:\/\/breezeibiza.com\/it\/wp-json\/wp\/v2\/users\/1"}],"replies":[{"embeddable":true,"href":"https:\/\/breezeibiza.com\/it\/wp-json\/wp\/v2\/comments?post=970"}],"version-history":[{"count":3,"href":"https:\/\/breezeibiza.com\/it\/wp-json\/wp\/v2\/pages\/970\/revisions"}],"predecessor-version":[{"id":977,"href":"https:\/\/breezeibiza.com\/it\/wp-json\/wp\/v2\/pages\/970\/revisions\/977"}],"wp:featuredmedia":[{"embeddable":true,"href":"https:\/\/breezeibiza.com\/it\/wp-json\/wp\/v2\/media\/384"}],"wp:attachment":[{"href":"https:\/\/breezeibiza.com\/it\/wp-json\/wp\/v2\/media?parent=970"}],"curies":[{"name":"wp","href":"https:\/\/api.w.org\/{rel}","templated":true}]}}